{"id":10374,"date":"2018-07-16T10:24:19","date_gmt":"2018-07-16T08:24:19","guid":{"rendered":"http:\/\/www.krav-maga.nu\/?page_id=10374"},"modified":"2021-07-18T09:18:57","modified_gmt":"2021-07-18T07:18:57","slug":"video","status":"publish","type":"page","link":"https:\/\/www.krav-maga.nu\/en\/gallery\/video\/","title":{"rendered":"Video"},"content":{"rendered":"\n<style type=\"text\/css\" data-created_by=\"avia_inline_auto\" id=\"style-css-av-3h6jnx-e18e63a8c6000d10a83aceba0d4251af\">\n.flex_column.av-3h6jnx-e18e63a8c6000d10a83aceba0d4251af{\nborder-radius:0px 0px 0px 0px;\npadding:0px 0px 0px 0px;\n}\n<\/style>\n<div  class='flex_column av-3h6jnx-e18e63a8c6000d10a83aceba0d4251af av_one_full  avia-builder-el-0  avia-builder-el-no-sibling  first flex_column_div av-zero-column-padding  '     ><p><div  class='avia-video av-8z20ue-cd274ae279696044c919ab659159ce99 avia-video-16-9 av-no-preview-image avia-video-load-always av-lazyload-immediate av-lazyload-video-embed'  itemprop=\"video\" itemtype=\"https:\/\/schema.org\/VideoObject\"  data-original_url='https:\/\/youtu.be\/sCZhFs5ptgU'><script type='text\/html' class='av-video-tmpl'><div class='avia-iframe-wrap'><iframe loading=\"lazy\" title=\"Sj\u00e4lvf\u00f6rsvar i centrala Stockholm\" width=\"1500\" height=\"844\" src=\"https:\/\/www.youtube.com\/embed\/sCZhFs5ptgU?feature=oembed&autoplay=0&loop=0&controls=1&mute=0\" frameborder=\"0\" allow=\"accelerometer; autoplay; clipboard-write; encrypted-media; gyroscope; picture-in-picture\" allowfullscreen><\/iframe><\/div><\/script><div class='av-click-to-play-overlay'><div class=\"avia_playpause_icon\"><\/div><\/div><\/div><br \/>\n<div  class='avia-video av-1z7kgjq-2ec1bdf28c7861adb5bbaaca364d9841 avia-video-16-9 av-no-preview-image avia-video-load-always av-lazyload-immediate av-lazyload-video-embed'  itemprop=\"video\" itemtype=\"https:\/\/schema.org\/VideoObject\"  data-original_url='https:\/\/youtu.be\/whMIRrXe2w4'><script type='text\/html' class='av-video-tmpl'><div class='avia-iframe-wrap'><iframe loading=\"lazy\" title=\"Hur hanterar du en hotfull situation?\" width=\"1500\" height=\"844\" src=\"https:\/\/www.youtube.com\/embed\/whMIRrXe2w4?feature=oembed&autoplay=0&loop=0&controls=1&mute=0\" frameborder=\"0\" allow=\"accelerometer; autoplay; clipboard-write; encrypted-media; gyroscope; picture-in-picture\" allowfullscreen><\/iframe><\/div><\/script><div class='av-click-to-play-overlay'><div class=\"avia_playpause_icon\"><\/div><\/div><\/div><br \/>\n<div  class='avia-video av-1pkvqzq-a3008c320d04b37131e18e5a02dee022 avia-video-16-9 av-no-preview-image avia-video-load-always av-lazyload-immediate av-lazyload-video-embed'  itemprop=\"video\" itemtype=\"https:\/\/schema.org\/VideoObject\"  data-original_url='https:\/\/youtu.be\/wZYjwbLggYk'><script type='text\/html' class='av-video-tmpl'><div class='avia-iframe-wrap'><iframe loading=\"lazy\" title=\"L\u00e4r dig hantera \u00f6verfallsv\u00e5ld\" width=\"1500\" height=\"844\" src=\"https:\/\/www.youtube.com\/embed\/wZYjwbLggYk?feature=oembed&autoplay=0&loop=0&controls=1&mute=0\" frameborder=\"0\" allow=\"accelerometer; autoplay; clipboard-write; encrypted-media; gyroscope; picture-in-picture\" allowfullscreen><\/iframe><\/div><\/script><div class='av-click-to-play-overlay'><div class=\"avia_playpause_icon\"><\/div><\/div><\/div><br \/>\n<div  class='avia-video av-13qbzpi-3bed8461f865995b57332806aad72eca avia-video-16-9 av-no-preview-image avia-video-load-always av-lazyload-immediate av-lazyload-video-embed'  itemprop=\"video\" itemtype=\"https:\/\/schema.org\/VideoObject\"  data-original_url='https:\/\/youtu.be\/xcfFFyTAutg'><script type='text\/html' class='av-video-tmpl'><div class='avia-iframe-wrap'><iframe loading=\"lazy\" title=\"TA ANSVAR F\u00d6R DIN EGEN S\u00c4KERHET\" width=\"1500\" height=\"844\" src=\"https:\/\/www.youtube.com\/embed\/xcfFFyTAutg?feature=oembed&autoplay=0&loop=0&controls=1&mute=0\" frameborder=\"0\" allow=\"accelerometer; autoplay; clipboard-write; encrypted-media; gyroscope; picture-in-picture\" allowfullscreen><\/iframe><\/div><\/script><div class='av-click-to-play-overlay'><div class=\"avia_playpause_icon\"><\/div><\/div><\/div><br \/>\n<div  class='avia-video av-u4yfom-b272cadd79daaa646b30fcb01711b9a8 avia-video-16-9 av-no-preview-image avia-video-load-always av-lazyload-immediate av-lazyload-video-embed'  itemprop=\"video\" itemtype=\"https:\/\/schema.org\/VideoObject\"  data-original_url='https:\/\/youtu.be\/8D7_oAdJ9Do'><script type='text\/html' class='av-video-tmpl'><div class='avia-iframe-wrap'><iframe loading=\"lazy\" width=\"1500\" height=\"844\" src=\"https:\/\/www.youtube.com\/embed\/8D7_oAdJ9Do?feature=oembed&autoplay=0&loop=0&controls=1&mute=0\" frameborder=\"0\" allow=\"autoplay; encrypted-media\" allowfullscreen><\/iframe><\/div><\/script><div class='av-click-to-play-overlay'><div class=\"avia_playpause_icon\"><\/div><\/div><\/div><br \/>\n<div  class='avia-video av-jjo64dd7-551f31afa65ef02e5cf6a1ccb3ed404d avia-video-16-9 av-no-preview-image avia-video-load-always av-lazyload-immediate av-lazyload-video-embed'  itemprop=\"video\" itemtype=\"https:\/\/schema.org\/VideoObject\"  data-original_url='https:\/\/youtu.be\/XDS44i62hbk'><script type='text\/html' class='av-video-tmpl'><div class='avia-iframe-wrap'><iframe loading=\"lazy\" width=\"1500\" height=\"844\" src=\"https:\/\/www.youtube.com\/embed\/XDS44i62hbk?feature=oembed&autoplay=0&loop=0&controls=1&mute=0\" frameborder=\"0\" allow=\"autoplay; encrypted-media\" allowfullscreen><\/iframe><\/div><\/script><div class='av-click-to-play-overlay'><div class=\"avia_playpause_icon\"><\/div><\/div><\/div><br \/>\n<div  class='avia-video av-jjo64dd7-937d7cf2f276c2e333584cc03239f283 avia-video-16-9 av-no-preview-image avia-video-load-always av-lazyload-immediate av-lazyload-video-embed'  itemprop=\"video\" itemtype=\"https:\/\/schema.org\/VideoObject\"  data-original_url='https:\/\/youtu.be\/YNcLzaB3tFc'><script type='text\/html' class='av-video-tmpl'><div class='avia-iframe-wrap'><iframe loading=\"lazy\" width=\"1500\" height=\"844\" src=\"https:\/\/www.youtube.com\/embed\/YNcLzaB3tFc?feature=oembed&autoplay=0&loop=0&controls=1&mute=0\" frameborder=\"0\" allow=\"autoplay; encrypted-media\" allowfullscreen><\/iframe><\/div><\/script><div class='av-click-to-play-overlay'><div class=\"avia_playpause_icon\"><\/div><\/div><\/div><\/p><\/div>\n","protected":false},"excerpt":{"rendered":"","protected":false},"author":1,"featured_media":0,"parent":5323,"menu_order":0,"comment_status":"open","ping_status":"open","template":"","meta":{"footnotes":""},"class_list":["post-10374","page","type-page","status-publish","hentry"],"yoast_head":"<!-- This site is optimized with the Yoast SEO plugin v27.4 - https:\/\/yoast.com\/product\/yoast-seo-wordpress\/ -->\n<title>Video snippets - Stockholm Krav Maga Center<\/title>\n<meta name=\"robots\" content=\"index, follow, max-snippet:-1, max-image-preview:large, max-video-preview:-1\" \/>\n<link rel=\"canonical\" href=\"https:\/\/www.krav-maga.nu\/en\/gallery\/video\/\" \/>\n<meta property=\"og:locale\" content=\"en_US\" \/>\n<meta property=\"og:type\" content=\"article\" \/>\n<meta property=\"og:title\" content=\"Video snippets - Stockholm Krav Maga Center\" \/>\n<meta property=\"og:url\" content=\"https:\/\/www.krav-maga.nu\/en\/gallery\/video\/\" \/>\n<meta property=\"og:site_name\" content=\"Stockholm Krav Maga Center - L\u00e4r ut realistiskt sj\u00e4lvf\u00f6rsvar, n\u00e4rkamp och laga befogenhetsv\u00e5ld baserat p\u00e5 Krav Maga Sverige (KMS) kravmaga\" \/>\n<meta property=\"article:publisher\" content=\"https:\/\/www.facebook.com\/kravmagastockholm\" \/>\n<meta property=\"article:modified_time\" content=\"2021-07-18T07:18:57+00:00\" \/>\n<meta property=\"og:image\" content=\"https:\/\/www.krav-maga.nu\/wp-content\/uploads\/2014\/06\/skmc-logotyp.jpg\" \/>\n\t<meta property=\"og:image:width\" content=\"320\" \/>\n\t<meta property=\"og:image:height\" content=\"255\" \/>\n\t<meta property=\"og:image:type\" content=\"image\/jpeg\" \/>\n<meta name=\"twitter:card\" content=\"summary_large_image\" \/>\n<meta name=\"twitter:site\" content=\"@KravMagaSthlm\" \/>\n<meta name=\"twitter:label1\" content=\"Est. reading time\" \/>\n\t<meta name=\"twitter:data1\" content=\"2 minutes\" \/>\n<script type=\"application\/ld+json\" class=\"yoast-schema-graph\">{\"@context\":\"https:\\\/\\\/schema.org\",\"@graph\":[{\"@type\":\"WebPage\",\"@id\":\"https:\\\/\\\/www.krav-maga.nu\\\/en\\\/gallery\\\/video\\\/\",\"url\":\"https:\\\/\\\/www.krav-maga.nu\\\/en\\\/gallery\\\/video\\\/\",\"name\":\"Video snippets - Stockholm Krav Maga Center\",\"isPartOf\":{\"@id\":\"https:\\\/\\\/www.krav-maga.nu\\\/#website\"},\"datePublished\":\"2018-07-16T08:24:19+00:00\",\"dateModified\":\"2021-07-18T07:18:57+00:00\",\"breadcrumb\":{\"@id\":\"https:\\\/\\\/www.krav-maga.nu\\\/en\\\/gallery\\\/video\\\/#breadcrumb\"},\"inLanguage\":\"en-US\",\"potentialAction\":[{\"@type\":\"ReadAction\",\"target\":[\"https:\\\/\\\/www.krav-maga.nu\\\/en\\\/gallery\\\/video\\\/\"]}]},{\"@type\":\"BreadcrumbList\",\"@id\":\"https:\\\/\\\/www.krav-maga.nu\\\/en\\\/gallery\\\/video\\\/#breadcrumb\",\"itemListElement\":[{\"@type\":\"ListItem\",\"position\":1,\"name\":\"Home\",\"item\":\"https:\\\/\\\/www.krav-maga.nu\\\/en\\\/home\\\/\"},{\"@type\":\"ListItem\",\"position\":2,\"name\":\"Gallery\",\"item\":\"https:\\\/\\\/www.krav-maga.nu\\\/en\\\/gallery\\\/\"},{\"@type\":\"ListItem\",\"position\":3,\"name\":\"Video\"}]},{\"@type\":\"WebSite\",\"@id\":\"https:\\\/\\\/www.krav-maga.nu\\\/#website\",\"url\":\"https:\\\/\\\/www.krav-maga.nu\\\/\",\"name\":\"Stockholm Krav Maga Center - L\u00e4r ut realistiskt sj\u00e4lvf\u00f6rsvar, n\u00e4rkamp och laga befogenhetsv\u00e5ld baserat p\u00e5 Krav Maga Sverige (KMS) kravmaga\",\"description\":\"Sj\u00e4lvf\u00f6rsvar som det ska vara - Realistiskt - L\u00e4ttl\u00e4rt - Effektivt\",\"publisher\":{\"@id\":\"https:\\\/\\\/www.krav-maga.nu\\\/#organization\"},\"potentialAction\":[{\"@type\":\"SearchAction\",\"target\":{\"@type\":\"EntryPoint\",\"urlTemplate\":\"https:\\\/\\\/www.krav-maga.nu\\\/?s={search_term_string}\"},\"query-input\":{\"@type\":\"PropertyValueSpecification\",\"valueRequired\":true,\"valueName\":\"search_term_string\"}}],\"inLanguage\":\"en-US\"},{\"@type\":\"Organization\",\"@id\":\"https:\\\/\\\/www.krav-maga.nu\\\/#organization\",\"name\":\"Stockholm Krav Maga Center\",\"url\":\"https:\\\/\\\/www.krav-maga.nu\\\/\",\"logo\":{\"@type\":\"ImageObject\",\"inLanguage\":\"en-US\",\"@id\":\"https:\\\/\\\/www.krav-maga.nu\\\/#\\\/schema\\\/logo\\\/image\\\/\",\"url\":\"https:\\\/\\\/www.krav-maga.nu\\\/wp-content\\\/uploads\\\/2014\\\/05\\\/skmc-logo-svart.png\",\"contentUrl\":\"https:\\\/\\\/www.krav-maga.nu\\\/wp-content\\\/uploads\\\/2014\\\/05\\\/skmc-logo-svart.png\",\"width\":340,\"height\":156,\"caption\":\"Stockholm Krav Maga Center\"},\"image\":{\"@id\":\"https:\\\/\\\/www.krav-maga.nu\\\/#\\\/schema\\\/logo\\\/image\\\/\"},\"sameAs\":[\"https:\\\/\\\/www.facebook.com\\\/kravmagastockholm\",\"https:\\\/\\\/x.com\\\/KravMagaSthlm\",\"https:\\\/\\\/instagram.com\\\/KravMagaStockholm\",\"https:\\\/\\\/www.youtube.com\\\/StockholmKravMagaCenter\"]}]}<\/script>\n<!-- \/ Yoast SEO plugin. -->","yoast_head_json":{"title":"Video snippets - Stockholm Krav Maga Center","robots":{"index":"index","follow":"follow","max-snippet":"max-snippet:-1","max-image-preview":"max-image-preview:large","max-video-preview":"max-video-preview:-1"},"canonical":"https:\/\/www.krav-maga.nu\/en\/gallery\/video\/","og_locale":"en_US","og_type":"article","og_title":"Video snippets - Stockholm Krav Maga Center","og_url":"https:\/\/www.krav-maga.nu\/en\/gallery\/video\/","og_site_name":"Stockholm Krav Maga Center - L\u00e4r ut realistiskt sj\u00e4lvf\u00f6rsvar, n\u00e4rkamp och laga befogenhetsv\u00e5ld baserat p\u00e5 Krav Maga Sverige (KMS) kravmaga","article_publisher":"https:\/\/www.facebook.com\/kravmagastockholm","article_modified_time":"2021-07-18T07:18:57+00:00","og_image":[{"width":320,"height":255,"url":"https:\/\/www.krav-maga.nu\/wp-content\/uploads\/2014\/06\/skmc-logotyp.jpg","type":"image\/jpeg"}],"twitter_card":"summary_large_image","twitter_site":"@KravMagaSthlm","twitter_misc":{"Est. reading time":"2 minutes"},"schema":{"@context":"https:\/\/schema.org","@graph":[{"@type":"WebPage","@id":"https:\/\/www.krav-maga.nu\/en\/gallery\/video\/","url":"https:\/\/www.krav-maga.nu\/en\/gallery\/video\/","name":"Video snippets - Stockholm Krav Maga Center","isPartOf":{"@id":"https:\/\/www.krav-maga.nu\/#website"},"datePublished":"2018-07-16T08:24:19+00:00","dateModified":"2021-07-18T07:18:57+00:00","breadcrumb":{"@id":"https:\/\/www.krav-maga.nu\/en\/gallery\/video\/#breadcrumb"},"inLanguage":"en-US","potentialAction":[{"@type":"ReadAction","target":["https:\/\/www.krav-maga.nu\/en\/gallery\/video\/"]}]},{"@type":"BreadcrumbList","@id":"https:\/\/www.krav-maga.nu\/en\/gallery\/video\/#breadcrumb","itemListElement":[{"@type":"ListItem","position":1,"name":"Home","item":"https:\/\/www.krav-maga.nu\/en\/home\/"},{"@type":"ListItem","position":2,"name":"Gallery","item":"https:\/\/www.krav-maga.nu\/en\/gallery\/"},{"@type":"ListItem","position":3,"name":"Video"}]},{"@type":"WebSite","@id":"https:\/\/www.krav-maga.nu\/#website","url":"https:\/\/www.krav-maga.nu\/","name":"Stockholm Krav Maga Center - L\u00e4r ut realistiskt sj\u00e4lvf\u00f6rsvar, n\u00e4rkamp och laga befogenhetsv\u00e5ld baserat p\u00e5 Krav Maga Sverige (KMS) kravmaga","description":"Sj\u00e4lvf\u00f6rsvar som det ska vara - Realistiskt - L\u00e4ttl\u00e4rt - Effektivt","publisher":{"@id":"https:\/\/www.krav-maga.nu\/#organization"},"potentialAction":[{"@type":"SearchAction","target":{"@type":"EntryPoint","urlTemplate":"https:\/\/www.krav-maga.nu\/?s={search_term_string}"},"query-input":{"@type":"PropertyValueSpecification","valueRequired":true,"valueName":"search_term_string"}}],"inLanguage":"en-US"},{"@type":"Organization","@id":"https:\/\/www.krav-maga.nu\/#organization","name":"Stockholm Krav Maga Center","url":"https:\/\/www.krav-maga.nu\/","logo":{"@type":"ImageObject","inLanguage":"en-US","@id":"https:\/\/www.krav-maga.nu\/#\/schema\/logo\/image\/","url":"https:\/\/www.krav-maga.nu\/wp-content\/uploads\/2014\/05\/skmc-logo-svart.png","contentUrl":"https:\/\/www.krav-maga.nu\/wp-content\/uploads\/2014\/05\/skmc-logo-svart.png","width":340,"height":156,"caption":"Stockholm Krav Maga Center"},"image":{"@id":"https:\/\/www.krav-maga.nu\/#\/schema\/logo\/image\/"},"sameAs":["https:\/\/www.facebook.com\/kravmagastockholm","https:\/\/x.com\/KravMagaSthlm","https:\/\/instagram.com\/KravMagaStockholm","https:\/\/www.youtube.com\/StockholmKravMagaCenter"]}]}},"_links":{"self":[{"href":"https:\/\/www.krav-maga.nu\/en\/wp-json\/wp\/v2\/pages\/10374","targetHints":{"allow":["GET"]}}],"collection":[{"href":"https:\/\/www.krav-maga.nu\/en\/wp-json\/wp\/v2\/pages"}],"about":[{"href":"https:\/\/www.krav-maga.nu\/en\/wp-json\/wp\/v2\/types\/page"}],"author":[{"embeddable":true,"href":"https:\/\/www.krav-maga.nu\/en\/wp-json\/wp\/v2\/users\/1"}],"replies":[{"embeddable":true,"href":"https:\/\/www.krav-maga.nu\/en\/wp-json\/wp\/v2\/comments?post=10374"}],"version-history":[{"count":0,"href":"https:\/\/www.krav-maga.nu\/en\/wp-json\/wp\/v2\/pages\/10374\/revisions"}],"up":[{"embeddable":true,"href":"https:\/\/www.krav-maga.nu\/en\/wp-json\/wp\/v2\/pages\/5323"}],"wp:attachment":[{"href":"https:\/\/www.krav-maga.nu\/en\/wp-json\/wp\/v2\/media?parent=10374"}],"curies":[{"name":"wp","href":"https:\/\/api.w.org\/{rel}","templated":true}]}}