{"id":15760,"date":"2021-10-25T07:06:42","date_gmt":"2021-10-25T05:06:42","guid":{"rendered":"https:\/\/www.krav-maga.nu\/?page_id=15760"},"modified":"2021-10-25T07:47:53","modified_gmt":"2021-10-25T05:47:53","slug":"prices","status":"publish","type":"page","link":"https:\/\/www.krav-maga.nu\/en\/start-training\/prices\/","title":{"rendered":"Pricing"},"content":{"rendered":"<div  class='flex_column av-1pzweoo-5f60eb6dd2fbac9861a92dd11284e2f9 av_one_full  avia-builder-el-0  avia-builder-el-no-sibling  first flex_column_div  '     ><p><div class='avia-data-table-wrap av-1o2b9i0-0dd4cda9c246125c4b2f02a322a6bcee avia_scrollable_table avia-table-1'><table  class='avia-table avia-data-table avia_pricing_default  avia-builder-el-1  el_before_av_textblock  avia-builder-el-first '  itemscope=\"itemscope\" itemtype=\"https:\/\/schema.org\/Table\" ><tbody><tr class='avia-heading-row'><th class='avia-highlight-col'>Semester pass<\/th><th class='avia-highlight-col'>Semester pass<\/th><th class='avia-highlight-col'>Yearly pass<\/th><th class='avia-highlight-col'>Summer pass<\/th><\/tr><tr class=''><td class='avia-highlight-col'><\/td><td class='avia-highlight-col'>Students \/ Police \/ Military<\/td><td class='avia-highlight-col'><\/td><td class='avia-highlight-col'><\/td><\/tr><tr class=''><td class='avia-highlight-col'><strong>2 500 kr<\/strong><\/td><td class='avia-highlight-col'><strong>2 200 kr<\/strong><\/td><td class='avia-highlight-col'><strong>4 800 kr<\/strong><\/td><td class='avia-highlight-col'><strong>800 kr<\/strong><\/td><\/tr><tr class=''><td class='avia-highlight-col'>T-shirt is included the first time<\/td><td class='avia-highlight-col'>T-shirt is included the first time<\/td><td class='avia-highlight-col'>T-shirt is included the first time.<br \/>\nSummer training is included.<\/td><td class='avia-highlight-col'>For students that have trained at least one full semester of modern Krav Maga<\/td><\/tr><tr class='avia-heading-row'><th class='avia-highlight-col'>Trial session<\/th><th class='avia-highlight-col'><\/th><th class='avia-highlight-col'><\/th><th class='avia-highlight-col'><\/th><\/tr><tr class=''><td class='avia-highlight-col'><strong>100 kr<\/strong><\/td><td class='avia-highlight-col'><\/td><td class='avia-highlight-col'><\/td><td class='avia-highlight-col'><\/td><\/tr><tr class=''><td class='avia-highlight-col'>May only be used once per semester and subject to availability.<br \/>\nThe fee will be deducted from semester or yearly pass.<br \/>\nNo trial session during the summer.<\/td><td class='avia-highlight-col'><\/td><td class='avia-highlight-col'><\/td><td class='avia-highlight-col'><\/td><\/tr><\/tbody><\/table><\/div><br \/>\n<section  class='av_textblock_section av-kv676iot-722f5b8a6c6be585ce6a3a82e6387301 '   itemscope=\"itemscope\" itemtype=\"https:\/\/schema.org\/CreativeWork\" ><div class='av-desktop-hide av-medium-hide avia_textblock'  itemprop=\"text\" ><p>On smaller screens, you need to swipe right to see the entire table<\/p>\n<\/div><\/section><br \/>\n\n<style type=\"text\/css\" data-created_by=\"avia_inline_auto\" id=\"style-css-av-kv67aa2z-7be5118fef56f5a95d43a9f99dd3bf45\">\n#top .av-special-heading.av-kv67aa2z-7be5118fef56f5a95d43a9f99dd3bf45{\npadding-bottom:10px;\n}\nbody .av-special-heading.av-kv67aa2z-7be5118fef56f5a95d43a9f99dd3bf45 .av-special-heading-tag .heading-char{\nfont-size:25px;\n}\n.av-special-heading.av-kv67aa2z-7be5118fef56f5a95d43a9f99dd3bf45 .av-subheading{\nfont-size:15px;\n}\n<\/style>\n<div  class='av-special-heading av-kv67aa2z-7be5118fef56f5a95d43a9f99dd3bf45 av-special-heading-h3  avia-builder-el-3  el_after_av_textblock  el_before_av_textblock '><h3 class='av-special-heading-tag '  itemprop=\"headline\"  >Private training<\/h3><div class=\"special-heading-border\"><div class=\"special-heading-inner-border\"><\/div><\/div><\/div><br \/>\n<section  class='av_textblock_section av-kv67bjqu-d9acd71023be809b784bde1c65a8f995 '   itemscope=\"itemscope\" itemtype=\"https:\/\/schema.org\/CreativeWork\" ><div class='avia_textblock'  itemprop=\"text\" ><p>The structure and scope are determined individually depending on the goal, experience of violence and previous training. The profession also plays a role in this planning.<\/p>\n<p>For completely new to modern Krav Maga, private training is not recommended as many basic exercises require several participants. We would rather see private training as either a complement to regular group training for someone who wants to develop faster or as a replacement for someone who has previously trained a lot of modern Krav Maga.<\/p>\n<\/div><\/section><br \/>\n<div class='avia-data-table-wrap av-54bvdbk-a99b4a9699c33bac170250187d8400ad avia_scrollable_table avia-table-2'><table  class='avia-table avia-data-table avia_pricing_default  avia-builder-el-5  el_after_av_textblock  el_before_av_textblock '  itemscope=\"itemscope\" itemtype=\"https:\/\/schema.org\/Table\" ><tbody><tr class='avia-heading-row'><th class='avia-highlight-col'>Rates (per person)<\/th><\/tr><tr class=''><td class='avia-highlight-col'>1 participant 800 kr\/h<\/td><\/tr><tr class=''><td class='avia-highlight-col'>2 participants 600 kr\/h<\/td><\/tr><tr class=''><td class='avia-highlight-col'>3-4 participants 500 kr\/h<\/td><\/tr><tr class=''><td class='avia-highlight-col'>5+ participants &#8211; <a href=\"https:\/\/www.krav-maga.nu\/en\/contact\/\">Contact us<\/a><\/td><\/tr><\/tbody><\/table><\/div><br \/>\n<section  class='av_textblock_section av-kv6863qr-4a9ae9bdf6e04c4ea9298d9692634580 '   itemscope=\"itemscope\" itemtype=\"https:\/\/schema.org\/CreativeWork\" ><div class='avia_textblock'  itemprop=\"text\" ><p><em>Active members get 100 kr discount on above rates.<\/em><\/p>\n<\/div><\/section><\/p><\/div>\n","protected":false},"excerpt":{"rendered":"","protected":false},"author":1,"featured_media":0,"parent":5311,"menu_order":0,"comment_status":"open","ping_status":"open","template":"","meta":{"footnotes":""},"class_list":["post-15760","page","type-page","status-publish","hentry"],"yoast_head":"<!-- This site is optimized with the Yoast SEO plugin v27.4 - https:\/\/yoast.com\/product\/yoast-seo-wordpress\/ -->\n<title>Prices - Stockholm Krav Maga Center<\/title>\n<meta name=\"description\" content=\"Price plans for training at Stockholm Krav Maga Center. Semester pass. Yearly pass. Summer pass. Trial session. Law enforcement, military, student, regular\" \/>\n<meta name=\"robots\" content=\"index, follow, max-snippet:-1, max-image-preview:large, max-video-preview:-1\" \/>\n<link rel=\"canonical\" href=\"https:\/\/www.krav-maga.nu\/en\/start-training\/prices\/\" \/>\n<meta property=\"og:locale\" content=\"en_US\" \/>\n<meta property=\"og:type\" content=\"article\" \/>\n<meta property=\"og:title\" content=\"fees\" \/>\n<meta property=\"og:description\" content=\"Price plans for training at Stockholm Krav Maga Center. Semester pass. Yearly pass. Summer pass. Trial session. Law enforcement, military, student, regular\" \/>\n<meta property=\"og:url\" content=\"https:\/\/www.krav-maga.nu\/en\/start-training\/prices\/\" \/>\n<meta property=\"og:site_name\" content=\"Stockholm Krav Maga Center - L\u00e4r ut realistiskt sj\u00e4lvf\u00f6rsvar, n\u00e4rkamp och laga befogenhetsv\u00e5ld baserat p\u00e5 Krav Maga Sverige (KMS) kravmaga\" \/>\n<meta property=\"article:publisher\" content=\"https:\/\/www.facebook.com\/kravmagastockholm\" \/>\n<meta property=\"article:modified_time\" content=\"2021-10-25T05:47:53+00:00\" \/>\n<meta property=\"og:image\" content=\"https:\/\/www.krav-maga.nu\/wp-content\/uploads\/2014\/06\/skmc-logotyp.jpg\" \/>\n\t<meta property=\"og:image:width\" content=\"320\" \/>\n\t<meta property=\"og:image:height\" content=\"255\" \/>\n\t<meta property=\"og:image:type\" content=\"image\/jpeg\" \/>\n<meta name=\"twitter:card\" content=\"summary_large_image\" \/>\n<meta name=\"twitter:title\" content=\"30\" \/>\n<meta name=\"twitter:description\" content=\"false\" \/>\n<meta name=\"twitter:site\" content=\"@KravMagaSthlm\" \/>\n<meta name=\"twitter:label1\" content=\"Est. reading time\" \/>\n\t<meta name=\"twitter:data1\" content=\"5 minutes\" \/>\n<script type=\"application\/ld+json\" class=\"yoast-schema-graph\">{\"@context\":\"https:\\\/\\\/schema.org\",\"@graph\":[{\"@type\":\"WebPage\",\"@id\":\"https:\\\/\\\/www.krav-maga.nu\\\/en\\\/start-training\\\/prices\\\/\",\"url\":\"https:\\\/\\\/www.krav-maga.nu\\\/en\\\/start-training\\\/prices\\\/\",\"name\":\"Prices - Stockholm Krav Maga Center\",\"isPartOf\":{\"@id\":\"https:\\\/\\\/www.krav-maga.nu\\\/#website\"},\"datePublished\":\"2021-10-25T05:06:42+00:00\",\"dateModified\":\"2021-10-25T05:47:53+00:00\",\"description\":\"Price plans for training at Stockholm Krav Maga Center. Semester pass. Yearly pass. Summer pass. Trial session. Law enforcement, military, student, regular\",\"breadcrumb\":{\"@id\":\"https:\\\/\\\/www.krav-maga.nu\\\/en\\\/start-training\\\/prices\\\/#breadcrumb\"},\"inLanguage\":\"en-US\",\"potentialAction\":[{\"@type\":\"ReadAction\",\"target\":[\"https:\\\/\\\/www.krav-maga.nu\\\/en\\\/start-training\\\/prices\\\/\"]}]},{\"@type\":\"BreadcrumbList\",\"@id\":\"https:\\\/\\\/www.krav-maga.nu\\\/en\\\/start-training\\\/prices\\\/#breadcrumb\",\"itemListElement\":[{\"@type\":\"ListItem\",\"position\":1,\"name\":\"Home\",\"item\":\"https:\\\/\\\/www.krav-maga.nu\\\/en\\\/home\\\/\"},{\"@type\":\"ListItem\",\"position\":2,\"name\":\"Start training\",\"item\":\"https:\\\/\\\/www.krav-maga.nu\\\/en\\\/start-training\\\/\"},{\"@type\":\"ListItem\",\"position\":3,\"name\":\"Pricing\"}]},{\"@type\":\"WebSite\",\"@id\":\"https:\\\/\\\/www.krav-maga.nu\\\/#website\",\"url\":\"https:\\\/\\\/www.krav-maga.nu\\\/\",\"name\":\"Stockholm Krav Maga Center - L\u00e4r ut realistiskt sj\u00e4lvf\u00f6rsvar, n\u00e4rkamp och laga befogenhetsv\u00e5ld baserat p\u00e5 Krav Maga Sverige (KMS) kravmaga\",\"description\":\"Sj\u00e4lvf\u00f6rsvar som det ska vara - Realistiskt - L\u00e4ttl\u00e4rt - Effektivt\",\"publisher\":{\"@id\":\"https:\\\/\\\/www.krav-maga.nu\\\/#organization\"},\"potentialAction\":[{\"@type\":\"SearchAction\",\"target\":{\"@type\":\"EntryPoint\",\"urlTemplate\":\"https:\\\/\\\/www.krav-maga.nu\\\/?s={search_term_string}\"},\"query-input\":{\"@type\":\"PropertyValueSpecification\",\"valueRequired\":true,\"valueName\":\"search_term_string\"}}],\"inLanguage\":\"en-US\"},{\"@type\":\"Organization\",\"@id\":\"https:\\\/\\\/www.krav-maga.nu\\\/#organization\",\"name\":\"Stockholm Krav Maga Center\",\"url\":\"https:\\\/\\\/www.krav-maga.nu\\\/\",\"logo\":{\"@type\":\"ImageObject\",\"inLanguage\":\"en-US\",\"@id\":\"https:\\\/\\\/www.krav-maga.nu\\\/#\\\/schema\\\/logo\\\/image\\\/\",\"url\":\"https:\\\/\\\/www.krav-maga.nu\\\/wp-content\\\/uploads\\\/2014\\\/05\\\/skmc-logo-svart.png\",\"contentUrl\":\"https:\\\/\\\/www.krav-maga.nu\\\/wp-content\\\/uploads\\\/2014\\\/05\\\/skmc-logo-svart.png\",\"width\":340,\"height\":156,\"caption\":\"Stockholm Krav Maga Center\"},\"image\":{\"@id\":\"https:\\\/\\\/www.krav-maga.nu\\\/#\\\/schema\\\/logo\\\/image\\\/\"},\"sameAs\":[\"https:\\\/\\\/www.facebook.com\\\/kravmagastockholm\",\"https:\\\/\\\/x.com\\\/KravMagaSthlm\",\"https:\\\/\\\/instagram.com\\\/KravMagaStockholm\",\"https:\\\/\\\/www.youtube.com\\\/StockholmKravMagaCenter\"]}]}<\/script>\n<!-- \/ Yoast SEO plugin. -->","yoast_head_json":{"title":"Prices - Stockholm Krav Maga Center","description":"Price plans for training at Stockholm Krav Maga Center. Semester pass. Yearly pass. Summer pass. Trial session. Law enforcement, military, student, regular","robots":{"index":"index","follow":"follow","max-snippet":"max-snippet:-1","max-image-preview":"max-image-preview:large","max-video-preview":"max-video-preview:-1"},"canonical":"https:\/\/www.krav-maga.nu\/en\/start-training\/prices\/","og_locale":"en_US","og_type":"article","og_title":"fees","og_description":"Price plans for training at Stockholm Krav Maga Center. Semester pass. Yearly pass. Summer pass. Trial session. Law enforcement, military, student, regular","og_url":"https:\/\/www.krav-maga.nu\/en\/start-training\/prices\/","og_site_name":"Stockholm Krav Maga Center - L\u00e4r ut realistiskt sj\u00e4lvf\u00f6rsvar, n\u00e4rkamp och laga befogenhetsv\u00e5ld baserat p\u00e5 Krav Maga Sverige (KMS) kravmaga","article_publisher":"https:\/\/www.facebook.com\/kravmagastockholm","article_modified_time":"2021-10-25T05:47:53+00:00","og_image":[{"width":320,"height":255,"url":"https:\/\/www.krav-maga.nu\/wp-content\/uploads\/2014\/06\/skmc-logotyp.jpg","type":"image\/jpeg"}],"twitter_card":"summary_large_image","twitter_title":"30","twitter_description":"false","twitter_site":"@KravMagaSthlm","twitter_misc":{"Est. reading time":"5 minutes"},"schema":{"@context":"https:\/\/schema.org","@graph":[{"@type":"WebPage","@id":"https:\/\/www.krav-maga.nu\/en\/start-training\/prices\/","url":"https:\/\/www.krav-maga.nu\/en\/start-training\/prices\/","name":"Prices - Stockholm Krav Maga Center","isPartOf":{"@id":"https:\/\/www.krav-maga.nu\/#website"},"datePublished":"2021-10-25T05:06:42+00:00","dateModified":"2021-10-25T05:47:53+00:00","description":"Price plans for training at Stockholm Krav Maga Center. Semester pass. Yearly pass. Summer pass. Trial session. Law enforcement, military, student, regular","breadcrumb":{"@id":"https:\/\/www.krav-maga.nu\/en\/start-training\/prices\/#breadcrumb"},"inLanguage":"en-US","potentialAction":[{"@type":"ReadAction","target":["https:\/\/www.krav-maga.nu\/en\/start-training\/prices\/"]}]},{"@type":"BreadcrumbList","@id":"https:\/\/www.krav-maga.nu\/en\/start-training\/prices\/#breadcrumb","itemListElement":[{"@type":"ListItem","position":1,"name":"Home","item":"https:\/\/www.krav-maga.nu\/en\/home\/"},{"@type":"ListItem","position":2,"name":"Start training","item":"https:\/\/www.krav-maga.nu\/en\/start-training\/"},{"@type":"ListItem","position":3,"name":"Pricing"}]},{"@type":"WebSite","@id":"https:\/\/www.krav-maga.nu\/#website","url":"https:\/\/www.krav-maga.nu\/","name":"Stockholm Krav Maga Center - L\u00e4r ut realistiskt sj\u00e4lvf\u00f6rsvar, n\u00e4rkamp och laga befogenhetsv\u00e5ld baserat p\u00e5 Krav Maga Sverige (KMS) kravmaga","description":"Sj\u00e4lvf\u00f6rsvar som det ska vara - Realistiskt - L\u00e4ttl\u00e4rt - Effektivt","publisher":{"@id":"https:\/\/www.krav-maga.nu\/#organization"},"potentialAction":[{"@type":"SearchAction","target":{"@type":"EntryPoint","urlTemplate":"https:\/\/www.krav-maga.nu\/?s={search_term_string}"},"query-input":{"@type":"PropertyValueSpecification","valueRequired":true,"valueName":"search_term_string"}}],"inLanguage":"en-US"},{"@type":"Organization","@id":"https:\/\/www.krav-maga.nu\/#organization","name":"Stockholm Krav Maga Center","url":"https:\/\/www.krav-maga.nu\/","logo":{"@type":"ImageObject","inLanguage":"en-US","@id":"https:\/\/www.krav-maga.nu\/#\/schema\/logo\/image\/","url":"https:\/\/www.krav-maga.nu\/wp-content\/uploads\/2014\/05\/skmc-logo-svart.png","contentUrl":"https:\/\/www.krav-maga.nu\/wp-content\/uploads\/2014\/05\/skmc-logo-svart.png","width":340,"height":156,"caption":"Stockholm Krav Maga Center"},"image":{"@id":"https:\/\/www.krav-maga.nu\/#\/schema\/logo\/image\/"},"sameAs":["https:\/\/www.facebook.com\/kravmagastockholm","https:\/\/x.com\/KravMagaSthlm","https:\/\/instagram.com\/KravMagaStockholm","https:\/\/www.youtube.com\/StockholmKravMagaCenter"]}]}},"_links":{"self":[{"href":"https:\/\/www.krav-maga.nu\/en\/wp-json\/wp\/v2\/pages\/15760","targetHints":{"allow":["GET"]}}],"collection":[{"href":"https:\/\/www.krav-maga.nu\/en\/wp-json\/wp\/v2\/pages"}],"about":[{"href":"https:\/\/www.krav-maga.nu\/en\/wp-json\/wp\/v2\/types\/page"}],"author":[{"embeddable":true,"href":"https:\/\/www.krav-maga.nu\/en\/wp-json\/wp\/v2\/users\/1"}],"replies":[{"embeddable":true,"href":"https:\/\/www.krav-maga.nu\/en\/wp-json\/wp\/v2\/comments?post=15760"}],"version-history":[{"count":0,"href":"https:\/\/www.krav-maga.nu\/en\/wp-json\/wp\/v2\/pages\/15760\/revisions"}],"up":[{"embeddable":true,"href":"https:\/\/www.krav-maga.nu\/en\/wp-json\/wp\/v2\/pages\/5311"}],"wp:attachment":[{"href":"https:\/\/www.krav-maga.nu\/en\/wp-json\/wp\/v2\/media?parent=15760"}],"curies":[{"name":"wp","href":"https:\/\/api.w.org\/{rel}","templated":true}]}}