{"id":5311,"date":"2014-05-14T15:47:28","date_gmt":"2014-05-14T13:47:28","guid":{"rendered":"http:\/\/www.krav-maga.nu\/?page_id=5311"},"modified":"2024-11-14T15:46:32","modified_gmt":"2024-11-14T14:46:32","slug":"start-training","status":"publish","type":"page","link":"https:\/\/www.krav-maga.nu\/en\/start-training\/","title":{"rendered":"Start training"},"content":{"rendered":"\n<style type=\"text\/css\" data-created_by=\"avia_inline_auto\" id=\"style-css-av-av_heading-b5be31351966ac7d57e0b170b4689fe2\">\n#top .av-special-heading.av-av_heading-b5be31351966ac7d57e0b170b4689fe2{\npadding-bottom:10px;\n}\nbody .av-special-heading.av-av_heading-b5be31351966ac7d57e0b170b4689fe2 .av-special-heading-tag .heading-char{\nfont-size:25px;\n}\n.av-special-heading.av-av_heading-b5be31351966ac7d57e0b170b4689fe2 .av-subheading{\nfont-size:15px;\n}\n<\/style>\n<div  class='av-special-heading av-av_heading-b5be31351966ac7d57e0b170b4689fe2 av-special-heading-h3  avia-builder-el-0  el_before_av_textblock  avia-builder-el-first '><h3 class='av-special-heading-tag '  itemprop=\"headline\"  >Welcome to Stockholms most experienced center for self protection!<\/h3><div class=\"special-heading-border\"><div class=\"special-heading-inner-border\"><\/div><\/div><\/div>\n<section  class='av_textblock_section av-mlj8in-f0cf8834d09252296c8b8cdd7476072f '   itemscope=\"itemscope\" itemtype=\"https:\/\/schema.org\/CreativeWork\" ><div class='avia_textblock'  itemprop=\"text\" ><p>Stockholm Krav Maga Center has been around since 2001 and is without comparison Stockholms <strong>most renowned center for learning self defence<\/strong>. Here you will work with techniques, body and mental aspects. We are members of the Swedish federation Krav Maga Sweden (KMS) which contributes to our thinking and values and also ensures that our teachings constantly evolves in order to provide better training and to adapt to ever-changing conditions in our society.<\/p>\n<p>KMS Krav Maga is by comparison easy to learn and provides you with methods, tools\u00a0and techniques to be able to handle all aspects of street violence such as conflict management, mental preparedness, stress management, tactics, punches and kicks, ground fight, multiple assailants, dark and cramped areas and much more.<\/p>\n<p>With us you will train physically and mentally in a safe and\u00a0inviting environment!<\/p>\n<\/div><\/section>\n<div  class='av_promobox av-lhsc67-c41a0bf2739decfa4878416594189d85 avia-button-yes  avia-builder-el-2  el_after_av_textblock  el_before_av_heading '><div class='avia-promocontent'><p>\nInformation about the next start of the Beginner&#8217;s Course<\/p>\n<\/div><div  class='avia-button-wrap av-lhsc67-4bafe64f6beceb8d043f3d6ca3acccb6-wrap avia-button-right '><a href='https:\/\/www.krav-maga.nu\/en\/start-training\/next-beginners-course\/'  class='avia-button av-lhsc67-4bafe64f6beceb8d043f3d6ca3acccb6 av-link-btn avia-icon_select-no avia-size-large avia-position-right avia-color-theme-color'   aria-label=\"Read more\"><span class='avia_iconbox_title' >Read more<\/span><\/a><\/div><\/div>\n\n<style type=\"text\/css\" data-created_by=\"avia_inline_auto\" id=\"style-css-av-av_heading-ada076607daeb2afe6e58745879da0ea\">\n#top .av-special-heading.av-av_heading-ada076607daeb2afe6e58745879da0ea{\npadding-bottom:10px;\n}\nbody .av-special-heading.av-av_heading-ada076607daeb2afe6e58745879da0ea .av-special-heading-tag .heading-char{\nfont-size:25px;\n}\n.av-special-heading.av-av_heading-ada076607daeb2afe6e58745879da0ea .av-subheading{\nfont-size:15px;\n}\n<\/style>\n<div  class='av-special-heading av-av_heading-ada076607daeb2afe6e58745879da0ea av-special-heading-h4  avia-builder-el-3  el_after_av_promobox  el_before_av_one_half '><h4 class='av-special-heading-tag '  itemprop=\"headline\"  >In the membership you will always receive<\/h4><div class=\"special-heading-border\"><div class=\"special-heading-inner-border\"><\/div><\/div><\/div>\n<div  class='flex_column av-i6uknj-397b1218126cd972c8b3911851fca7ea av_one_half  avia-builder-el-4  el_after_av_heading  el_before_av_one_half  first flex_column_div  '     ><div  class='avia-icon-list-container av-f93zm7-5f17940935416cac476f0ab0b967991d  avia-builder-el-5  avia-builder-el-no-sibling '><ul class='avia-icon-list avia_animate_when_almost_visible avia-icon-list-left av-iconlist-big av-f93zm7-5f17940935416cac476f0ab0b967991d avia-iconlist-animate'>\n<li><div class='iconlist_icon av-ecn7zz-96f30a3e953391f6054f6bd3efd9e24a avia-font-fontello avia-iconfont avia-font-fontello'><span class='av-icon-char' data-av_icon='\ue800' data-av_iconfont='fontello' aria-hidden=\"true\"><\/span><\/div><article class=\"article-icon-entry \"  itemscope=\"itemscope\" itemtype=\"https:\/\/schema.org\/CreativeWork\" ><div class=\"iconlist_content_wrap\"><header class=\"entry-content-header\" aria-label=\"Icon: T-shirt\"><h4 class='av_iconlist_title iconlist_title  '  itemprop=\"headline\" >T-shirt<\/h4><\/header><div class='iconlist_content '  itemprop=\"text\" ><p>The first time you register a t-shirt is included in the semester or yearly pass.<\/p>\n<\/div><\/div><footer class=\"entry-footer\"><\/footer><\/article><div class=\"iconlist-timeline\"><\/div><\/li>\n<li><div class='iconlist_icon av-corven-66de0989619cc0a929e871828eb38bf6 avia-font-entypo-fontello avia-iconfont avia-font-entypo-fontello'><span class='av-icon-char' data-av_icon='' data-av_iconfont='entypo-fontello' aria-hidden=\"true\"><\/span><\/div><article class=\"article-icon-entry \"  itemscope=\"itemscope\" itemtype=\"https:\/\/schema.org\/CreativeWork\" ><div class=\"iconlist_content_wrap\"><header class=\"entry-content-header\" aria-label=\"Icon: Accident insurance\"><h4 class='av_iconlist_title iconlist_title  '  itemprop=\"headline\" >Accident insurance<\/h4><\/header><div class='iconlist_content '  itemprop=\"text\" ><p>In case of an accident you are always insured. The Insurance covers Medical expenses.<\/p>\n<\/div><\/div><footer class=\"entry-footer\"><\/footer><\/article><div class=\"iconlist-timeline\"><\/div><\/li>\n<li><div class='iconlist_icon av-10shkf-8a47822f23d801eedb0ed6bd2ad50c1c avia-font-entypo-fontello avia-iconfont avia-font-entypo-fontello'><span class='av-icon-char' data-av_icon='\ue8eb' data-av_iconfont='entypo-fontello' aria-hidden=\"true\"><\/span><\/div><article class=\"article-icon-entry \"  itemscope=\"itemscope\" itemtype=\"https:\/\/schema.org\/CreativeWork\" ><div class=\"iconlist_content_wrap\"><header class=\"entry-content-header\" aria-label=\"Icon: The most experienced instructors in Sweden\"><h4 class='av_iconlist_title iconlist_title  '  itemprop=\"headline\" >The most experienced instructors in Sweden<\/h4><\/header><div class='iconlist_content '  itemprop=\"text\" ><p>With us you will be safe with the knowledge that what we teach is in most cases based on our own experiences. Many of our instructors have\u00a0extensive first hand experience of real violence and know how to teach others how to handle it.<\/p>\n<\/div><\/div><footer class=\"entry-footer\"><\/footer><\/article><div class=\"iconlist-timeline\"><\/div><\/li>\n<\/ul><\/div><\/div>\n<div  class='flex_column av-95kean-8b457ceba048adefd6ee2284b91adaf7 av_one_half  avia-builder-el-6  el_after_av_one_half  avia-builder-el-last  flex_column_div  '     ><div  class='avia-icon-list-container av-88fu73-b4611bdc0ad59c00621791e8ee7e080d  avia-builder-el-7  avia-builder-el-no-sibling '><ul class='avia-icon-list avia_animate_when_almost_visible avia-icon-list-right av-iconlist-big av-88fu73-b4611bdc0ad59c00621791e8ee7e080d avia-iconlist-animate'>\n<li><div class='iconlist_icon av-55ukkv-bfe013e184dab584e1eec78d45cfdb5f avia-font-entypo-fontello avia-iconfont avia-font-entypo-fontello'><span class='av-icon-char' data-av_icon='\ue80b' data-av_iconfont='entypo-fontello' aria-hidden=\"true\"><\/span><\/div><article class=\"article-icon-entry \"  itemscope=\"itemscope\" itemtype=\"https:\/\/schema.org\/CreativeWork\" ><div class=\"iconlist_content_wrap\"><header class=\"entry-content-header\" aria-label=\"Icon: Buy personal training\"><h4 class='av_iconlist_title iconlist_title  '  itemprop=\"headline\" >Buy personal training<\/h4><\/header><div class='iconlist_content '  itemprop=\"text\" ><p>You will be able to easily puchase personal training to fit your needs.<\/p>\n<\/div><\/div><footer class=\"entry-footer\"><\/footer><\/article><div class=\"iconlist-timeline\"><\/div><\/li>\n<li><div class='iconlist_icon av-49m5vz-08c1171710e47a732dc30c038c8cc3e1 avia-font-entypo-fontello avia-iconfont avia-font-entypo-fontello'><span class='av-icon-char' data-av_icon='\ue8dd' data-av_iconfont='entypo-fontello' aria-hidden=\"true\"><\/span><\/div><article class=\"article-icon-entry \"  itemscope=\"itemscope\" itemtype=\"https:\/\/schema.org\/CreativeWork\" ><div class=\"iconlist_content_wrap\"><header class=\"entry-content-header\" aria-label=\"Icon: Access to more training sessions\"><h4 class='av_iconlist_title iconlist_title  '  itemprop=\"headline\" >Access to more training sessions<\/h4><\/header><div class='iconlist_content '  itemprop=\"text\" ><p>At the start of the semester you will be able to train twice per week. Later during the semester you will have up to five sessions per week to choose from.<\/p>\n<\/div><\/div><footer class=\"entry-footer\"><\/footer><\/article><div class=\"iconlist-timeline\"><\/div><\/li>\n<li><div class='iconlist_icon av-2stfyn-a491422b17f4b219514cfd88b732df59 avia-font-entypo-fontello avia-iconfont avia-font-entypo-fontello'><span class='av-icon-char' data-av_icon='\ue824' data-av_iconfont='entypo-fontello' aria-hidden=\"true\"><\/span><\/div><article class=\"article-icon-entry \"  itemscope=\"itemscope\" itemtype=\"https:\/\/schema.org\/CreativeWork\" ><div class=\"iconlist_content_wrap\"><header class=\"entry-content-header\" aria-label=\"Icon: Opportunity to participate in closed seminars\"><h4 class='av_iconlist_title iconlist_title  '  itemprop=\"headline\" >Opportunity to participate in closed seminars<\/h4><\/header><div class='iconlist_content '  itemprop=\"text\" ><p>As a member you have access to closed seminars and other activities targeted only to our members.<\/p>\n<\/div><\/div><footer class=\"entry-footer\"><\/footer><\/article><div class=\"iconlist-timeline\"><\/div><\/li>\n<\/ul><\/div><\/div>\n","protected":false},"excerpt":{"rendered":"","protected":false},"author":1,"featured_media":0,"parent":0,"menu_order":0,"comment_status":"open","ping_status":"open","template":"","meta":{"footnotes":""},"class_list":["post-5311","page","type-page","status-publish","hentry"],"yoast_head":"<!-- This site is optimized with the Yoast SEO plugin v27.4 - https:\/\/yoast.com\/product\/yoast-seo-wordpress\/ -->\n<title>Start training - Stockholm Krav Maga Center<\/title>\n<meta name=\"description\" content=\"Information about beginners training and upcoming beginners courses.\" \/>\n<meta name=\"robots\" content=\"index, follow, max-snippet:-1, max-image-preview:large, max-video-preview:-1\" \/>\n<link rel=\"canonical\" href=\"https:\/\/www.krav-maga.nu\/en\/start-training\/\" \/>\n<meta property=\"og:locale\" content=\"en_US\" \/>\n<meta property=\"og:type\" content=\"article\" \/>\n<meta property=\"og:title\" content=\"Start training - Stockholm Krav Maga Center\" \/>\n<meta property=\"og:description\" content=\"Information about beginners training and upcoming beginners courses.\" \/>\n<meta property=\"og:url\" content=\"https:\/\/www.krav-maga.nu\/en\/start-training\/\" \/>\n<meta property=\"og:site_name\" content=\"Stockholm Krav Maga Center - L\u00e4r ut realistiskt sj\u00e4lvf\u00f6rsvar, n\u00e4rkamp och laga befogenhetsv\u00e5ld baserat p\u00e5 Krav Maga Sverige (KMS) kravmaga\" \/>\n<meta property=\"article:publisher\" content=\"https:\/\/www.facebook.com\/kravmagastockholm\" \/>\n<meta property=\"article:modified_time\" content=\"2024-11-14T14:46:32+00:00\" \/>\n<meta property=\"og:image\" content=\"https:\/\/www.krav-maga.nu\/wp-content\/uploads\/2014\/06\/skmc-logotyp.jpg\" \/>\n\t<meta property=\"og:image:width\" content=\"320\" \/>\n\t<meta property=\"og:image:height\" content=\"255\" \/>\n\t<meta property=\"og:image:type\" content=\"image\/jpeg\" \/>\n<meta name=\"twitter:card\" content=\"summary_large_image\" \/>\n<meta name=\"twitter:site\" content=\"@KravMagaSthlm\" \/>\n<meta name=\"twitter:label1\" content=\"Est. reading time\" \/>\n\t<meta name=\"twitter:data1\" content=\"3 minutes\" \/>\n<script type=\"application\/ld+json\" class=\"yoast-schema-graph\">{\"@context\":\"https:\\\/\\\/schema.org\",\"@graph\":[{\"@type\":\"WebPage\",\"@id\":\"https:\\\/\\\/www.krav-maga.nu\\\/en\\\/start-training\\\/\",\"url\":\"https:\\\/\\\/www.krav-maga.nu\\\/en\\\/start-training\\\/\",\"name\":\"Start training - Stockholm Krav Maga Center\",\"isPartOf\":{\"@id\":\"https:\\\/\\\/www.krav-maga.nu\\\/#website\"},\"datePublished\":\"2014-05-14T13:47:28+00:00\",\"dateModified\":\"2024-11-14T14:46:32+00:00\",\"description\":\"Information about beginners training and upcoming beginners courses.\",\"breadcrumb\":{\"@id\":\"https:\\\/\\\/www.krav-maga.nu\\\/en\\\/start-training\\\/#breadcrumb\"},\"inLanguage\":\"en-US\",\"potentialAction\":[{\"@type\":\"ReadAction\",\"target\":[\"https:\\\/\\\/www.krav-maga.nu\\\/en\\\/start-training\\\/\"]}]},{\"@type\":\"BreadcrumbList\",\"@id\":\"https:\\\/\\\/www.krav-maga.nu\\\/en\\\/start-training\\\/#breadcrumb\",\"itemListElement\":[{\"@type\":\"ListItem\",\"position\":1,\"name\":\"Home\",\"item\":\"https:\\\/\\\/www.krav-maga.nu\\\/en\\\/home\\\/\"},{\"@type\":\"ListItem\",\"position\":2,\"name\":\"Start training\"}]},{\"@type\":\"WebSite\",\"@id\":\"https:\\\/\\\/www.krav-maga.nu\\\/#website\",\"url\":\"https:\\\/\\\/www.krav-maga.nu\\\/\",\"name\":\"Stockholm Krav Maga Center - L\u00e4r ut realistiskt sj\u00e4lvf\u00f6rsvar, n\u00e4rkamp och laga befogenhetsv\u00e5ld baserat p\u00e5 Krav Maga Sverige (KMS) kravmaga\",\"description\":\"Sj\u00e4lvf\u00f6rsvar som det ska vara - Realistiskt - L\u00e4ttl\u00e4rt - Effektivt\",\"publisher\":{\"@id\":\"https:\\\/\\\/www.krav-maga.nu\\\/#organization\"},\"potentialAction\":[{\"@type\":\"SearchAction\",\"target\":{\"@type\":\"EntryPoint\",\"urlTemplate\":\"https:\\\/\\\/www.krav-maga.nu\\\/?s={search_term_string}\"},\"query-input\":{\"@type\":\"PropertyValueSpecification\",\"valueRequired\":true,\"valueName\":\"search_term_string\"}}],\"inLanguage\":\"en-US\"},{\"@type\":\"Organization\",\"@id\":\"https:\\\/\\\/www.krav-maga.nu\\\/#organization\",\"name\":\"Stockholm Krav Maga Center\",\"url\":\"https:\\\/\\\/www.krav-maga.nu\\\/\",\"logo\":{\"@type\":\"ImageObject\",\"inLanguage\":\"en-US\",\"@id\":\"https:\\\/\\\/www.krav-maga.nu\\\/#\\\/schema\\\/logo\\\/image\\\/\",\"url\":\"https:\\\/\\\/www.krav-maga.nu\\\/wp-content\\\/uploads\\\/2014\\\/05\\\/skmc-logo-svart.png\",\"contentUrl\":\"https:\\\/\\\/www.krav-maga.nu\\\/wp-content\\\/uploads\\\/2014\\\/05\\\/skmc-logo-svart.png\",\"width\":340,\"height\":156,\"caption\":\"Stockholm Krav Maga Center\"},\"image\":{\"@id\":\"https:\\\/\\\/www.krav-maga.nu\\\/#\\\/schema\\\/logo\\\/image\\\/\"},\"sameAs\":[\"https:\\\/\\\/www.facebook.com\\\/kravmagastockholm\",\"https:\\\/\\\/x.com\\\/KravMagaSthlm\",\"https:\\\/\\\/instagram.com\\\/KravMagaStockholm\",\"https:\\\/\\\/www.youtube.com\\\/StockholmKravMagaCenter\"]}]}<\/script>\n<!-- \/ Yoast SEO plugin. -->","yoast_head_json":{"title":"Start training - Stockholm Krav Maga Center","description":"Information about beginners training and upcoming beginners courses.","robots":{"index":"index","follow":"follow","max-snippet":"max-snippet:-1","max-image-preview":"max-image-preview:large","max-video-preview":"max-video-preview:-1"},"canonical":"https:\/\/www.krav-maga.nu\/en\/start-training\/","og_locale":"en_US","og_type":"article","og_title":"Start training - Stockholm Krav Maga Center","og_description":"Information about beginners training and upcoming beginners courses.","og_url":"https:\/\/www.krav-maga.nu\/en\/start-training\/","og_site_name":"Stockholm Krav Maga Center - L\u00e4r ut realistiskt sj\u00e4lvf\u00f6rsvar, n\u00e4rkamp och laga befogenhetsv\u00e5ld baserat p\u00e5 Krav Maga Sverige (KMS) kravmaga","article_publisher":"https:\/\/www.facebook.com\/kravmagastockholm","article_modified_time":"2024-11-14T14:46:32+00:00","og_image":[{"width":320,"height":255,"url":"https:\/\/www.krav-maga.nu\/wp-content\/uploads\/2014\/06\/skmc-logotyp.jpg","type":"image\/jpeg"}],"twitter_card":"summary_large_image","twitter_site":"@KravMagaSthlm","twitter_misc":{"Est. reading time":"3 minutes"},"schema":{"@context":"https:\/\/schema.org","@graph":[{"@type":"WebPage","@id":"https:\/\/www.krav-maga.nu\/en\/start-training\/","url":"https:\/\/www.krav-maga.nu\/en\/start-training\/","name":"Start training - Stockholm Krav Maga Center","isPartOf":{"@id":"https:\/\/www.krav-maga.nu\/#website"},"datePublished":"2014-05-14T13:47:28+00:00","dateModified":"2024-11-14T14:46:32+00:00","description":"Information about beginners training and upcoming beginners courses.","breadcrumb":{"@id":"https:\/\/www.krav-maga.nu\/en\/start-training\/#breadcrumb"},"inLanguage":"en-US","potentialAction":[{"@type":"ReadAction","target":["https:\/\/www.krav-maga.nu\/en\/start-training\/"]}]},{"@type":"BreadcrumbList","@id":"https:\/\/www.krav-maga.nu\/en\/start-training\/#breadcrumb","itemListElement":[{"@type":"ListItem","position":1,"name":"Home","item":"https:\/\/www.krav-maga.nu\/en\/home\/"},{"@type":"ListItem","position":2,"name":"Start training"}]},{"@type":"WebSite","@id":"https:\/\/www.krav-maga.nu\/#website","url":"https:\/\/www.krav-maga.nu\/","name":"Stockholm Krav Maga Center - L\u00e4r ut realistiskt sj\u00e4lvf\u00f6rsvar, n\u00e4rkamp och laga befogenhetsv\u00e5ld baserat p\u00e5 Krav Maga Sverige (KMS) kravmaga","description":"Sj\u00e4lvf\u00f6rsvar som det ska vara - Realistiskt - L\u00e4ttl\u00e4rt - Effektivt","publisher":{"@id":"https:\/\/www.krav-maga.nu\/#organization"},"potentialAction":[{"@type":"SearchAction","target":{"@type":"EntryPoint","urlTemplate":"https:\/\/www.krav-maga.nu\/?s={search_term_string}"},"query-input":{"@type":"PropertyValueSpecification","valueRequired":true,"valueName":"search_term_string"}}],"inLanguage":"en-US"},{"@type":"Organization","@id":"https:\/\/www.krav-maga.nu\/#organization","name":"Stockholm Krav Maga Center","url":"https:\/\/www.krav-maga.nu\/","logo":{"@type":"ImageObject","inLanguage":"en-US","@id":"https:\/\/www.krav-maga.nu\/#\/schema\/logo\/image\/","url":"https:\/\/www.krav-maga.nu\/wp-content\/uploads\/2014\/05\/skmc-logo-svart.png","contentUrl":"https:\/\/www.krav-maga.nu\/wp-content\/uploads\/2014\/05\/skmc-logo-svart.png","width":340,"height":156,"caption":"Stockholm Krav Maga Center"},"image":{"@id":"https:\/\/www.krav-maga.nu\/#\/schema\/logo\/image\/"},"sameAs":["https:\/\/www.facebook.com\/kravmagastockholm","https:\/\/x.com\/KravMagaSthlm","https:\/\/instagram.com\/KravMagaStockholm","https:\/\/www.youtube.com\/StockholmKravMagaCenter"]}]}},"_links":{"self":[{"href":"https:\/\/www.krav-maga.nu\/en\/wp-json\/wp\/v2\/pages\/5311","targetHints":{"allow":["GET"]}}],"collection":[{"href":"https:\/\/www.krav-maga.nu\/en\/wp-json\/wp\/v2\/pages"}],"about":[{"href":"https:\/\/www.krav-maga.nu\/en\/wp-json\/wp\/v2\/types\/page"}],"author":[{"embeddable":true,"href":"https:\/\/www.krav-maga.nu\/en\/wp-json\/wp\/v2\/users\/1"}],"replies":[{"embeddable":true,"href":"https:\/\/www.krav-maga.nu\/en\/wp-json\/wp\/v2\/comments?post=5311"}],"version-history":[{"count":0,"href":"https:\/\/www.krav-maga.nu\/en\/wp-json\/wp\/v2\/pages\/5311\/revisions"}],"wp:attachment":[{"href":"https:\/\/www.krav-maga.nu\/en\/wp-json\/wp\/v2\/media?parent=5311"}],"curies":[{"name":"wp","href":"https:\/\/api.w.org\/{rel}","templated":true}]}}