{"id":5317,"date":"2014-05-14T19:43:12","date_gmt":"2014-05-14T17:43:12","guid":{"rendered":"http:\/\/www.krav-maga.nu\/?page_id=5317"},"modified":"2023-11-07T22:32:05","modified_gmt":"2023-11-07T21:32:05","slug":"schedule","status":"publish","type":"page","link":"https:\/\/www.krav-maga.nu\/en\/schedule\/","title":{"rendered":"Schedule"},"content":{"rendered":"<div  class='flex_column av-14v8d2d-7bd62b0b04ae757d53bac6abac9b6b63 av_one_full  avia-builder-el-0  avia-builder-el-no-sibling  first flex_column_div  '     ><section  class='av_textblock_section av-lhdm0llt-369adc2d2930afa1f8ae4323abadff83 '   itemscope=\"itemscope\" itemtype=\"https:\/\/schema.org\/CreativeWork\" ><div class='avia_textblock'  itemprop=\"text\" ><h3 style=\"text-align: center;\"><strong>Schedule for Autumn 2023<\/strong><\/h3>\n<\/div><\/section><br \/>\n<div  class='hr av-13ahjed-def1beff6eae99c5af6f63665a002f2b hr-short  avia-builder-el-2  el_after_av_textblock  el_before_av_table  hr-center'><span class='hr-inner '><span class=\"hr-inner-style\"><\/span><\/span><\/div><br \/>\n<div class='avia-data-table-wrap av-11kgdvp-10af8fd3257bb368d20b4722ed3ec2c4 avia_scrollable_table avia-table-1'><table  class='avia-table avia-data-table avia_pricing_default  avia-builder-el-3  el_after_av_hr  el_before_av_textblock '  itemscope=\"itemscope\" itemtype=\"https:\/\/schema.org\/Table\" ><tbody><tr class='avia-heading-row'><th class='avia-highlight-col'><\/p>\n<p><center>Autumn 2023<\/center><\/th><th class=''><\/p>\n<p><center>Tuesday<\/center><\/th><th class=''><\/p>\n<p><center>Thursday<\/center><\/th><\/tr><tr class=''><td class='avia-highlight-col'>Beginners 1<\/td><td class=''><\/p>\n<p><center>17.30 &#8211; 18.45<\/center><\/td><td class=''><\/p>\n<p><center>17.30 &#8211; 18.45<\/center><\/td><\/tr><tr class=''><td class='avia-highlight-col'>Beginners 2<\/td><td class=''><\/p>\n<p><center>20.15 &#8211; 21.30<\/center><\/td><td class=''><\/p>\n<p><center>20.15 &#8211; 21.30<\/center><\/td><\/tr><tr class=''><td class='avia-highlight-col'>Continuing<\/td><td class=''><\/p>\n<p><center>18.50 &#8211; 20.10<\/center><\/td><td class=''><\/p>\n<p><center>18.50 &#8211; 20.10<\/center><\/td><\/tr><tr class=''><td class='avia-highlight-col'>Medium<\/td><td class=''><\/p>\n<p><center>18.50 &#8211; 20.10<\/center><\/td><td class=''><\/p>\n<p><center>18.50 &#8211; 20.10<\/center><\/td><\/tr><\/tbody><\/table><\/div><br \/>\n<section  class='av_textblock_section av-lhdqz1ec-30b025797b07768fbe1c52a97b472e26 '   itemscope=\"itemscope\" itemtype=\"https:\/\/schema.org\/CreativeWork\" ><div class='avia_textblock'  itemprop=\"text\" ><p>Autumn 2023: August 22 &#8211; December 17<\/p>\n<p>Cancelled sessions: <em>only national holidays<\/em><\/p>\n<\/div><\/section><br \/>\n\n<style type=\"text\/css\" data-created_by=\"avia_inline_auto\" id=\"style-css-av-2f3m6t-1e9691160894fdc1905bd31871015b7d\">\n#top .hr.hr-invisible.av-2f3m6t-1e9691160894fdc1905bd31871015b7d{\nheight:25px;\n}\n<\/style>\n<div  class='hr av-2f3m6t-1e9691160894fdc1905bd31871015b7d hr-invisible  avia-builder-el-5  el_after_av_textblock  avia-builder-el-last '><span class='hr-inner '><span class=\"hr-inner-style\"><\/span><\/span><\/div><\/p><\/div>\n","protected":false},"excerpt":{"rendered":"","protected":false},"author":1,"featured_media":0,"parent":0,"menu_order":0,"comment_status":"open","ping_status":"open","template":"","meta":{"footnotes":""},"class_list":["post-5317","page","type-page","status-publish","hentry"],"yoast_head":"<!-- This site is optimized with the Yoast SEO plugin v27.4 - https:\/\/yoast.com\/product\/yoast-seo-wordpress\/ -->\n<title>Schedule - Stockholm Krav Maga Center - Realistic and modern self defence<\/title>\n<meta name=\"description\" content=\"Training schedule for all classes including our two beginners classes.\" \/>\n<meta name=\"robots\" content=\"index, follow, max-snippet:-1, max-image-preview:large, max-video-preview:-1\" \/>\n<link rel=\"canonical\" href=\"https:\/\/www.krav-maga.nu\/en\/schedule\/\" \/>\n<meta property=\"og:locale\" content=\"en_US\" \/>\n<meta property=\"og:type\" content=\"article\" \/>\n<meta property=\"og:title\" content=\"Schedule - Stockholm Krav Maga Center - Realistic and modern self defence\" \/>\n<meta property=\"og:description\" content=\"Training schedule for all classes including our two beginners classes.\" \/>\n<meta property=\"og:url\" content=\"https:\/\/www.krav-maga.nu\/en\/schedule\/\" \/>\n<meta property=\"og:site_name\" content=\"Stockholm Krav Maga Center - L\u00e4r ut realistiskt sj\u00e4lvf\u00f6rsvar, n\u00e4rkamp och laga befogenhetsv\u00e5ld baserat p\u00e5 Krav Maga Sverige (KMS) kravmaga\" \/>\n<meta property=\"article:publisher\" content=\"https:\/\/www.facebook.com\/kravmagastockholm\" \/>\n<meta property=\"article:modified_time\" content=\"2023-11-07T21:32:05+00:00\" \/>\n<meta property=\"og:image\" content=\"https:\/\/www.krav-maga.nu\/wp-content\/uploads\/2014\/06\/skmc-logotyp.jpg\" \/>\n\t<meta property=\"og:image:width\" content=\"320\" \/>\n\t<meta property=\"og:image:height\" content=\"255\" \/>\n\t<meta property=\"og:image:type\" content=\"image\/jpeg\" \/>\n<meta name=\"twitter:card\" content=\"summary_large_image\" \/>\n<meta name=\"twitter:site\" content=\"@KravMagaSthlm\" \/>\n<meta name=\"twitter:label1\" content=\"Est. reading time\" \/>\n\t<meta name=\"twitter:data1\" content=\"2 minutes\" \/>\n<script type=\"application\/ld+json\" class=\"yoast-schema-graph\">{\"@context\":\"https:\\\/\\\/schema.org\",\"@graph\":[{\"@type\":\"WebPage\",\"@id\":\"https:\\\/\\\/www.krav-maga.nu\\\/en\\\/schedule\\\/\",\"url\":\"https:\\\/\\\/www.krav-maga.nu\\\/en\\\/schedule\\\/\",\"name\":\"Schedule - Stockholm Krav Maga Center - Realistic and modern self defence\",\"isPartOf\":{\"@id\":\"https:\\\/\\\/www.krav-maga.nu\\\/#website\"},\"datePublished\":\"2014-05-14T17:43:12+00:00\",\"dateModified\":\"2023-11-07T21:32:05+00:00\",\"description\":\"Training schedule for all classes including our two beginners classes.\",\"breadcrumb\":{\"@id\":\"https:\\\/\\\/www.krav-maga.nu\\\/en\\\/schedule\\\/#breadcrumb\"},\"inLanguage\":\"en-US\",\"potentialAction\":[{\"@type\":\"ReadAction\",\"target\":[\"https:\\\/\\\/www.krav-maga.nu\\\/en\\\/schedule\\\/\"]}]},{\"@type\":\"BreadcrumbList\",\"@id\":\"https:\\\/\\\/www.krav-maga.nu\\\/en\\\/schedule\\\/#breadcrumb\",\"itemListElement\":[{\"@type\":\"ListItem\",\"position\":1,\"name\":\"Home\",\"item\":\"https:\\\/\\\/www.krav-maga.nu\\\/en\\\/home\\\/\"},{\"@type\":\"ListItem\",\"position\":2,\"name\":\"Schedule\"}]},{\"@type\":\"WebSite\",\"@id\":\"https:\\\/\\\/www.krav-maga.nu\\\/#website\",\"url\":\"https:\\\/\\\/www.krav-maga.nu\\\/\",\"name\":\"Stockholm Krav Maga Center - L\u00e4r ut realistiskt sj\u00e4lvf\u00f6rsvar, n\u00e4rkamp och laga befogenhetsv\u00e5ld baserat p\u00e5 Krav Maga Sverige (KMS) kravmaga\",\"description\":\"Sj\u00e4lvf\u00f6rsvar som det ska vara - Realistiskt - L\u00e4ttl\u00e4rt - Effektivt\",\"publisher\":{\"@id\":\"https:\\\/\\\/www.krav-maga.nu\\\/#organization\"},\"potentialAction\":[{\"@type\":\"SearchAction\",\"target\":{\"@type\":\"EntryPoint\",\"urlTemplate\":\"https:\\\/\\\/www.krav-maga.nu\\\/?s={search_term_string}\"},\"query-input\":{\"@type\":\"PropertyValueSpecification\",\"valueRequired\":true,\"valueName\":\"search_term_string\"}}],\"inLanguage\":\"en-US\"},{\"@type\":\"Organization\",\"@id\":\"https:\\\/\\\/www.krav-maga.nu\\\/#organization\",\"name\":\"Stockholm Krav Maga Center\",\"url\":\"https:\\\/\\\/www.krav-maga.nu\\\/\",\"logo\":{\"@type\":\"ImageObject\",\"inLanguage\":\"en-US\",\"@id\":\"https:\\\/\\\/www.krav-maga.nu\\\/#\\\/schema\\\/logo\\\/image\\\/\",\"url\":\"https:\\\/\\\/www.krav-maga.nu\\\/wp-content\\\/uploads\\\/2014\\\/05\\\/skmc-logo-svart.png\",\"contentUrl\":\"https:\\\/\\\/www.krav-maga.nu\\\/wp-content\\\/uploads\\\/2014\\\/05\\\/skmc-logo-svart.png\",\"width\":340,\"height\":156,\"caption\":\"Stockholm Krav Maga Center\"},\"image\":{\"@id\":\"https:\\\/\\\/www.krav-maga.nu\\\/#\\\/schema\\\/logo\\\/image\\\/\"},\"sameAs\":[\"https:\\\/\\\/www.facebook.com\\\/kravmagastockholm\",\"https:\\\/\\\/x.com\\\/KravMagaSthlm\",\"https:\\\/\\\/instagram.com\\\/KravMagaStockholm\",\"https:\\\/\\\/www.youtube.com\\\/StockholmKravMagaCenter\"]}]}<\/script>\n<!-- \/ Yoast SEO plugin. -->","yoast_head_json":{"title":"Schedule - Stockholm Krav Maga Center - Realistic and modern self defence","description":"Training schedule for all classes including our two beginners classes.","robots":{"index":"index","follow":"follow","max-snippet":"max-snippet:-1","max-image-preview":"max-image-preview:large","max-video-preview":"max-video-preview:-1"},"canonical":"https:\/\/www.krav-maga.nu\/en\/schedule\/","og_locale":"en_US","og_type":"article","og_title":"Schedule - Stockholm Krav Maga Center - Realistic and modern self defence","og_description":"Training schedule for all classes including our two beginners classes.","og_url":"https:\/\/www.krav-maga.nu\/en\/schedule\/","og_site_name":"Stockholm Krav Maga Center - L\u00e4r ut realistiskt sj\u00e4lvf\u00f6rsvar, n\u00e4rkamp och laga befogenhetsv\u00e5ld baserat p\u00e5 Krav Maga Sverige (KMS) kravmaga","article_publisher":"https:\/\/www.facebook.com\/kravmagastockholm","article_modified_time":"2023-11-07T21:32:05+00:00","og_image":[{"width":320,"height":255,"url":"https:\/\/www.krav-maga.nu\/wp-content\/uploads\/2014\/06\/skmc-logotyp.jpg","type":"image\/jpeg"}],"twitter_card":"summary_large_image","twitter_site":"@KravMagaSthlm","twitter_misc":{"Est. reading time":"2 minutes"},"schema":{"@context":"https:\/\/schema.org","@graph":[{"@type":"WebPage","@id":"https:\/\/www.krav-maga.nu\/en\/schedule\/","url":"https:\/\/www.krav-maga.nu\/en\/schedule\/","name":"Schedule - Stockholm Krav Maga Center - Realistic and modern self defence","isPartOf":{"@id":"https:\/\/www.krav-maga.nu\/#website"},"datePublished":"2014-05-14T17:43:12+00:00","dateModified":"2023-11-07T21:32:05+00:00","description":"Training schedule for all classes including our two beginners classes.","breadcrumb":{"@id":"https:\/\/www.krav-maga.nu\/en\/schedule\/#breadcrumb"},"inLanguage":"en-US","potentialAction":[{"@type":"ReadAction","target":["https:\/\/www.krav-maga.nu\/en\/schedule\/"]}]},{"@type":"BreadcrumbList","@id":"https:\/\/www.krav-maga.nu\/en\/schedule\/#breadcrumb","itemListElement":[{"@type":"ListItem","position":1,"name":"Home","item":"https:\/\/www.krav-maga.nu\/en\/home\/"},{"@type":"ListItem","position":2,"name":"Schedule"}]},{"@type":"WebSite","@id":"https:\/\/www.krav-maga.nu\/#website","url":"https:\/\/www.krav-maga.nu\/","name":"Stockholm Krav Maga Center - L\u00e4r ut realistiskt sj\u00e4lvf\u00f6rsvar, n\u00e4rkamp och laga befogenhetsv\u00e5ld baserat p\u00e5 Krav Maga Sverige (KMS) kravmaga","description":"Sj\u00e4lvf\u00f6rsvar som det ska vara - Realistiskt - L\u00e4ttl\u00e4rt - Effektivt","publisher":{"@id":"https:\/\/www.krav-maga.nu\/#organization"},"potentialAction":[{"@type":"SearchAction","target":{"@type":"EntryPoint","urlTemplate":"https:\/\/www.krav-maga.nu\/?s={search_term_string}"},"query-input":{"@type":"PropertyValueSpecification","valueRequired":true,"valueName":"search_term_string"}}],"inLanguage":"en-US"},{"@type":"Organization","@id":"https:\/\/www.krav-maga.nu\/#organization","name":"Stockholm Krav Maga Center","url":"https:\/\/www.krav-maga.nu\/","logo":{"@type":"ImageObject","inLanguage":"en-US","@id":"https:\/\/www.krav-maga.nu\/#\/schema\/logo\/image\/","url":"https:\/\/www.krav-maga.nu\/wp-content\/uploads\/2014\/05\/skmc-logo-svart.png","contentUrl":"https:\/\/www.krav-maga.nu\/wp-content\/uploads\/2014\/05\/skmc-logo-svart.png","width":340,"height":156,"caption":"Stockholm Krav Maga Center"},"image":{"@id":"https:\/\/www.krav-maga.nu\/#\/schema\/logo\/image\/"},"sameAs":["https:\/\/www.facebook.com\/kravmagastockholm","https:\/\/x.com\/KravMagaSthlm","https:\/\/instagram.com\/KravMagaStockholm","https:\/\/www.youtube.com\/StockholmKravMagaCenter"]}]}},"_links":{"self":[{"href":"https:\/\/www.krav-maga.nu\/en\/wp-json\/wp\/v2\/pages\/5317","targetHints":{"allow":["GET"]}}],"collection":[{"href":"https:\/\/www.krav-maga.nu\/en\/wp-json\/wp\/v2\/pages"}],"about":[{"href":"https:\/\/www.krav-maga.nu\/en\/wp-json\/wp\/v2\/types\/page"}],"author":[{"embeddable":true,"href":"https:\/\/www.krav-maga.nu\/en\/wp-json\/wp\/v2\/users\/1"}],"replies":[{"embeddable":true,"href":"https:\/\/www.krav-maga.nu\/en\/wp-json\/wp\/v2\/comments?post=5317"}],"version-history":[{"count":0,"href":"https:\/\/www.krav-maga.nu\/en\/wp-json\/wp\/v2\/pages\/5317\/revisions"}],"wp:attachment":[{"href":"https:\/\/www.krav-maga.nu\/en\/wp-json\/wp\/v2\/media?parent=5317"}],"curies":[{"name":"wp","href":"https:\/\/api.w.org\/{rel}","templated":true}]}}