{"id":5331,"date":"2014-05-14T23:41:44","date_gmt":"2014-05-14T21:41:44","guid":{"rendered":"http:\/\/www.krav-maga.nu\/?page_id=5331"},"modified":"2024-11-14T15:46:32","modified_gmt":"2024-11-14T14:46:32","slug":"instructors","status":"publish","type":"page","link":"https:\/\/www.krav-maga.nu\/en\/start-training\/instructors\/","title":{"rendered":"Instructors"},"content":{"rendered":"\n<style type=\"text\/css\" data-created_by=\"avia_inline_auto\" id=\"style-css-av-7ig1xv-2be05d44fad1dbe5f98cabb9a699344e\">\n#top .av-special-heading.av-7ig1xv-2be05d44fad1dbe5f98cabb9a699344e{\npadding-bottom:10px;\n}\nbody .av-special-heading.av-7ig1xv-2be05d44fad1dbe5f98cabb9a699344e .av-special-heading-tag .heading-char{\nfont-size:25px;\n}\n.av-special-heading.av-7ig1xv-2be05d44fad1dbe5f98cabb9a699344e .av-subheading{\nfont-size:15px;\n}\n<\/style>\n<div  class='av-special-heading av-7ig1xv-2be05d44fad1dbe5f98cabb9a699344e av-special-heading-h3  avia-builder-el-0  el_before_av_textblock  avia-builder-el-first '><h3 class='av-special-heading-tag '  itemprop=\"headline\"  >Our instructors inspire training!<\/h3><div class=\"special-heading-border\"><div class=\"special-heading-inner-border\"><\/div><\/div><\/div>\n<section  class='av_textblock_section av-5asomr-c84209e145c6a15ecd83d4b0c70fd66c '   itemscope=\"itemscope\" itemtype=\"https:\/\/schema.org\/CreativeWork\" ><div class='avia_textblock'  itemprop=\"text\" ><p>We demand the best from our instructors. Therefore all our instructors are trained and certified by the Swedish national federation Krav Maga Sweden. In addition, several instructors have extensive personal experience of violence by profession. We have instructors approved by the Swedish Police Board.<\/p>\n<p>We inspire training!<\/p>\n<\/div><\/section>\n<div  class='flex_column av-4bwgv7-f61890e2f21054af090b74073bb06416 av_one_full  avia-builder-el-2  el_after_av_textblock  avia-builder-el-last  first flex_column_div  column-top-margin'     ><div class='portfolio_preview_container ' data-portfolio-id='1'><div class='ajax_controlls iconfont'><a href='#prev' class='ajax_previous avia-svg-icon avia-font-svg_entypo-fontello' data-av_svg_icon='left-open-mini' data-av_iconset='svg_entypo-fontello'><svg version=\"1.1\" xmlns=\"http:\/\/www.w3.org\/2000\/svg\" width=\"8\" height=\"32\" viewBox=\"0 0 8 32\" preserveAspectRatio=\"xMidYMid meet\" role=\"graphics-symbol\" aria-hidden=\"true\">\n<path d=\"M8.064 21.44q0.832 0.832 0 1.536-0.832 0.832-1.536 0l-6.144-6.208q-0.768-0.768 0-1.6l6.144-6.208q0.704-0.832 1.536 0 0.832 0.704 0 1.536l-4.992 5.504z\"><\/path>\n<\/svg><\/a><a href='#next' class='ajax_next avia-svg-icon avia-font-svg_entypo-fontello' data-av_svg_icon='right-open-mini' data-av_iconset='svg_entypo-fontello'><svg version=\"1.1\" xmlns=\"http:\/\/www.w3.org\/2000\/svg\" width=\"8\" height=\"32\" viewBox=\"0 0 8 32\" preserveAspectRatio=\"xMidYMid meet\" role=\"graphics-symbol\" aria-hidden=\"true\">\n<path d=\"M0.416 21.44l5.056-5.44-5.056-5.504q-0.832-0.832 0-1.536 0.832-0.832 1.536 0l6.144 6.208q0.768 0.832 0 1.6l-6.144 6.208q-0.704 0.832-1.536 0-0.832-0.704 0-1.536z\"><\/path>\n<\/svg><\/a><a href='#close' class='avia_close avia-svg-icon avia-font-svg_entypo-fontello' data-av_svg_icon='cancel-circled' data-av_iconset='svg_entypo-fontello'><svg version=\"1.1\" xmlns=\"http:\/\/www.w3.org\/2000\/svg\" width=\"27\" height=\"32\" viewBox=\"0 0 27 32\" preserveAspectRatio=\"xMidYMid meet\" role=\"graphics-symbol\" aria-hidden=\"true\">\n<path d=\"M13.44 2.56q5.568 0 9.504 3.936t3.936 9.504-3.936 9.504-9.504 3.936-9.504-3.936-3.936-9.504 3.936-9.504 9.504-3.936zM16.192 16l4.928-4.928-2.752-2.752-4.928 4.864-4.864-4.864-2.816 2.752 4.928 4.928-4.928 4.864 2.816 2.752 4.864-4.864 4.928 4.864 2.752-2.752z\"><\/path>\n<\/svg><\/a><\/div><div class=\"portfolio-details-inner\"><\/div><\/div><div  id=\"av-sc-portfolio-1\"  class=' grid-sort-container isotope   no_margin-container with-excerpt-container grid-total-odd grid-col-4 grid-links-ajax' data-portfolio-id='1'><div data-ajax-id='16163' class=' grid-entry flex_column isotope-item all_sort no_margin post-entry post-entry-16163 grid-entry-overview grid-loop-1 grid-parity-odd  instructors_sort  av_one_fourth first default_av_fullwidth '><article class='main_color inner-entry'  itemscope=\"itemscope\" itemtype=\"https:\/\/schema.org\/CreativeWork\" ><a href=\"https:\/\/www.krav-maga.nu\/en\/portfolio-item\/caroline\/\" title='Caroline'  data-rel='grid-1' class='grid-image avia-hover-fx'> <img decoding=\"async\" fetchpriority=\"high\" width=\"260\" height=\"185\" src=\"https:\/\/www.krav-maga.nu\/wp-content\/uploads\/2021\/10\/Caroline-2-260x185.png\" class=\"wp-image-15673 avia-img-lazy-loading-not-15673 attachment-portfolio_small size-portfolio_small wp-post-image\" alt=\"\" \/><\/a><div class='grid-content'><div class='avia-arrow'><\/div><header class=\"entry-content-header\" aria-label=\"Portfolio: Caroline\"><h3 class='grid-entry-title entry-title '  itemprop=\"headline\" ><a href='https:\/\/www.krav-maga.nu\/en\/portfolio-item\/caroline\/' title='Caroline'>Caroline<\/a><\/h3><\/header><\/div><footer class=\"entry-footer\"><\/footer><\/article><\/div><div data-ajax-id='5339' class=' grid-entry flex_column isotope-item all_sort no_margin post-entry post-entry-5339 grid-entry-overview grid-loop-2 grid-parity-even  instructors_sort  av_one_fourth  default_av_fullwidth '><article class='main_color inner-entry'  itemscope=\"itemscope\" itemtype=\"https:\/\/schema.org\/CreativeWork\" ><a href=\"https:\/\/www.krav-maga.nu\/en\/portfolio-item\/jesper-2\/\" title='Jesper'  data-rel='grid-1' class='grid-image avia-hover-fx'> <img decoding=\"async\" fetchpriority=\"high\" width=\"260\" height=\"185\" src=\"https:\/\/www.krav-maga.nu\/wp-content\/uploads\/2014\/05\/Jeppe22-260x185.png\" class=\"wp-image-5340 avia-img-lazy-loading-not-5340 attachment-portfolio_small size-portfolio_small wp-post-image\" alt=\"\" \/><\/a><div class='grid-content'><div class='avia-arrow'><\/div><header class=\"entry-content-header\" aria-label=\"Portfolio: Jesper\"><h3 class='grid-entry-title entry-title '  itemprop=\"headline\" ><a href='https:\/\/www.krav-maga.nu\/en\/portfolio-item\/jesper-2\/' title='Jesper'>Jesper<\/a><\/h3><\/header><\/div><footer class=\"entry-footer\"><\/footer><\/article><\/div><div data-ajax-id='5345' class=' grid-entry flex_column isotope-item all_sort no_margin post-entry post-entry-5345 grid-entry-overview grid-loop-3 grid-parity-odd  instructors_sort  av_one_fourth  default_av_fullwidth '><article class='main_color inner-entry'  itemscope=\"itemscope\" itemtype=\"https:\/\/schema.org\/CreativeWork\" ><a href=\"https:\/\/www.krav-maga.nu\/en\/portfolio-item\/lars-2\/\" title='Lars'  data-rel='grid-1' class='grid-image avia-hover-fx'> <img decoding=\"async\" fetchpriority=\"high\" width=\"260\" height=\"185\" src=\"https:\/\/www.krav-maga.nu\/wp-content\/uploads\/2014\/05\/Lasse22-260x185.png\" class=\"wp-image-5346 avia-img-lazy-loading-not-5346 attachment-portfolio_small size-portfolio_small wp-post-image\" alt=\"\" \/><\/a><div class='grid-content'><div class='avia-arrow'><\/div><header class=\"entry-content-header\" aria-label=\"Portfolio: Lars\"><h3 class='grid-entry-title entry-title '  itemprop=\"headline\" ><a href='https:\/\/www.krav-maga.nu\/en\/portfolio-item\/lars-2\/' title='Lars'>Lars<\/a><\/h3><\/header><\/div><footer class=\"entry-footer\"><\/footer><\/article><\/div><div data-ajax-id='5347' class=' grid-entry flex_column isotope-item all_sort no_margin post-entry post-entry-5347 grid-entry-overview grid-loop-4 grid-parity-even  instructors_sort  av_one_fourth  default_av_fullwidth '><article class='main_color inner-entry'  itemscope=\"itemscope\" itemtype=\"https:\/\/schema.org\/CreativeWork\" ><a href=\"https:\/\/www.krav-maga.nu\/en\/portfolio-item\/leila-2\/\" title='Leila'  data-rel='grid-1' class='grid-image avia-hover-fx'> <img decoding=\"async\" fetchpriority=\"high\" width=\"260\" height=\"185\" src=\"https:\/\/www.krav-maga.nu\/wp-content\/uploads\/2014\/05\/Leila21-260x185.png\" class=\"wp-image-5348 avia-img-lazy-loading-not-5348 attachment-portfolio_small size-portfolio_small wp-post-image\" alt=\"\" \/><\/a><div class='grid-content'><div class='avia-arrow'><\/div><header class=\"entry-content-header\" aria-label=\"Portfolio: Leila\"><h3 class='grid-entry-title entry-title '  itemprop=\"headline\" ><a href='https:\/\/www.krav-maga.nu\/en\/portfolio-item\/leila-2\/' title='Leila'>Leila<\/a><\/h3><\/header><\/div><footer class=\"entry-footer\"><\/footer><\/article><\/div><div data-ajax-id='5349' class=' grid-entry flex_column isotope-item all_sort no_margin post-entry post-entry-5349 grid-entry-overview grid-loop-5 grid-parity-odd  instructors_sort  av_one_fourth first default_av_fullwidth '><article class='main_color inner-entry'  itemscope=\"itemscope\" itemtype=\"https:\/\/schema.org\/CreativeWork\" ><a href=\"https:\/\/www.krav-maga.nu\/en\/portfolio-item\/love-2\/\" title='Love'  data-rel='grid-1' class='grid-image avia-hover-fx'> <img decoding=\"async\" fetchpriority=\"high\" width=\"260\" height=\"185\" src=\"https:\/\/www.krav-maga.nu\/wp-content\/uploads\/2014\/05\/Love21-260x185.png\" class=\"wp-image-5350 avia-img-lazy-loading-not-5350 attachment-portfolio_small size-portfolio_small wp-post-image\" alt=\"\" \/><\/a><div class='grid-content'><div class='avia-arrow'><\/div><header class=\"entry-content-header\" aria-label=\"Portfolio: Love\"><h3 class='grid-entry-title entry-title '  itemprop=\"headline\" ><a href='https:\/\/www.krav-maga.nu\/en\/portfolio-item\/love-2\/' title='Love'>Love<\/a><\/h3><\/header><\/div><footer class=\"entry-footer\"><\/footer><\/article><\/div><div data-ajax-id='6986' class=' grid-entry flex_column isotope-item all_sort no_margin post-entry post-entry-6986 grid-entry-overview grid-loop-6 grid-parity-even  instructors_sort  av_one_fourth  default_av_fullwidth '><article class='main_color inner-entry'  itemscope=\"itemscope\" itemtype=\"https:\/\/schema.org\/CreativeWork\" ><a href=\"https:\/\/www.krav-maga.nu\/en\/portfolio-item\/martin-2\/\" title='Martin'  data-rel='grid-1' class='grid-image avia-hover-fx'> <img decoding=\"async\" fetchpriority=\"high\" width=\"260\" height=\"185\" src=\"https:\/\/www.krav-maga.nu\/wp-content\/uploads\/2016\/05\/Martin-260x185.png\" class=\"wp-image-6984 avia-img-lazy-loading-not-6984 attachment-portfolio_small size-portfolio_small wp-post-image\" alt=\"\" \/><\/a><div class='grid-content'><div class='avia-arrow'><\/div><header class=\"entry-content-header\" aria-label=\"Portfolio: Martin\"><h3 class='grid-entry-title entry-title '  itemprop=\"headline\" ><a href='https:\/\/www.krav-maga.nu\/en\/portfolio-item\/martin-2\/' title='Martin'>Martin<\/a><\/h3><\/header><\/div><footer class=\"entry-footer\"><\/footer><\/article><\/div><div data-ajax-id='5351' class=' grid-entry flex_column isotope-item all_sort no_margin post-entry post-entry-5351 grid-entry-overview grid-loop-7 grid-parity-odd  instructors_sort  av_one_fourth  default_av_fullwidth '><article class='main_color inner-entry'  itemscope=\"itemscope\" itemtype=\"https:\/\/schema.org\/CreativeWork\" ><a href=\"https:\/\/www.krav-maga.nu\/en\/portfolio-item\/mattias-2\/\" title='Mattias'  data-rel='grid-1' class='grid-image avia-hover-fx'> <img decoding=\"async\" fetchpriority=\"high\" width=\"260\" height=\"185\" src=\"https:\/\/www.krav-maga.nu\/wp-content\/uploads\/2014\/05\/Mattias21-260x185.png\" class=\"wp-image-5352 avia-img-lazy-loading-not-5352 attachment-portfolio_small size-portfolio_small wp-post-image\" alt=\"\" \/><\/a><div class='grid-content'><div class='avia-arrow'><\/div><header class=\"entry-content-header\" aria-label=\"Portfolio: Mattias\"><h3 class='grid-entry-title entry-title '  itemprop=\"headline\" ><a href='https:\/\/www.krav-maga.nu\/en\/portfolio-item\/mattias-2\/' title='Mattias'>Mattias<\/a><\/h3><\/header><\/div><footer class=\"entry-footer\"><\/footer><\/article><\/div><div data-ajax-id='5361' class=' grid-entry flex_column isotope-item all_sort no_margin post-entry post-entry-5361 grid-entry-overview grid-loop-8 grid-parity-even  instructors_sort  av_one_fourth  default_av_fullwidth '><article class='main_color inner-entry'  itemscope=\"itemscope\" itemtype=\"https:\/\/schema.org\/CreativeWork\" ><a href=\"https:\/\/www.krav-maga.nu\/en\/portfolio-item\/orjan-2\/\" title='\u00d6rjan'  data-rel='grid-1' class='grid-image avia-hover-fx'> <img decoding=\"async\" fetchpriority=\"high\" width=\"260\" height=\"185\" src=\"https:\/\/www.krav-maga.nu\/wp-content\/uploads\/2014\/05\/\u00d6rjan21-260x185.png\" class=\"wp-image-5362 avia-img-lazy-loading-not-5362 attachment-portfolio_small size-portfolio_small wp-post-image\" alt=\"\" \/><\/a><div class='grid-content'><div class='avia-arrow'><\/div><header class=\"entry-content-header\" aria-label=\"Portfolio: \u00d6rjan\"><h3 class='grid-entry-title entry-title '  itemprop=\"headline\" ><a href='https:\/\/www.krav-maga.nu\/en\/portfolio-item\/orjan-2\/' title='\u00d6rjan'>\u00d6rjan<\/a><\/h3><\/header><\/div><footer class=\"entry-footer\"><\/footer><\/article><\/div><div data-ajax-id='6976' class=' grid-entry flex_column isotope-item all_sort no_margin post-entry post-entry-6976 grid-entry-overview grid-loop-9 grid-parity-odd  post-entry-last  instructors_sort  av_one_fourth first default_av_fullwidth '><article class='main_color inner-entry'  itemscope=\"itemscope\" itemtype=\"https:\/\/schema.org\/CreativeWork\" ><a href=\"https:\/\/www.krav-maga.nu\/en\/portfolio-item\/paul-2\/\" title='Paul'  data-rel='grid-1' class='grid-image avia-hover-fx'> <img decoding=\"async\" fetchpriority=\"high\" width=\"260\" height=\"185\" src=\"https:\/\/www.krav-maga.nu\/wp-content\/uploads\/2016\/04\/Paul-1-260x185.png\" class=\"wp-image-6975 avia-img-lazy-loading-not-6975 attachment-portfolio_small size-portfolio_small wp-post-image\" alt=\"\" \/><\/a><div class='grid-content'><div class='avia-arrow'><\/div><header class=\"entry-content-header\" aria-label=\"Portfolio: Paul\"><h3 class='grid-entry-title entry-title '  itemprop=\"headline\" ><a href='https:\/\/www.krav-maga.nu\/en\/portfolio-item\/paul-2\/' title='Paul'>Paul<\/a><\/h3><\/header><\/div><footer class=\"entry-footer\"><\/footer><\/article><\/div><\/div><\/div>\n","protected":false},"excerpt":{"rendered":"","protected":false},"author":1,"featured_media":0,"parent":5311,"menu_order":0,"comment_status":"closed","ping_status":"closed","template":"","meta":{"footnotes":""},"class_list":["post-5331","page","type-page","status-publish","hentry"],"yoast_head":"<!-- This site is optimized with the Yoast SEO plugin v27.5 - https:\/\/yoast.com\/product\/yoast-seo-wordpress\/ -->\n<title>Instructors - Stockholm Krav Maga Center<\/title>\n<meta name=\"robots\" content=\"index, follow, max-snippet:-1, max-image-preview:large, max-video-preview:-1\" \/>\n<link rel=\"canonical\" href=\"https:\/\/www.krav-maga.nu\/en\/start-training\/instructors\/\" \/>\n<meta property=\"og:locale\" content=\"en_US\" \/>\n<meta property=\"og:type\" content=\"article\" \/>\n<meta property=\"og:title\" content=\"Instructors - Stockholm Krav Maga Center\" \/>\n<meta property=\"og:url\" content=\"https:\/\/www.krav-maga.nu\/en\/start-training\/instructors\/\" \/>\n<meta property=\"og:site_name\" content=\"Stockholm Krav Maga Center - L\u00e4r ut realistiskt sj\u00e4lvf\u00f6rsvar, n\u00e4rkamp och laga befogenhetsv\u00e5ld baserat p\u00e5 Krav Maga Sverige (KMS) kravmaga\" \/>\n<meta property=\"article:publisher\" content=\"https:\/\/www.facebook.com\/kravmagastockholm\" \/>\n<meta property=\"article:modified_time\" content=\"2024-11-14T14:46:32+00:00\" \/>\n<meta property=\"og:image\" content=\"https:\/\/www.krav-maga.nu\/wp-content\/uploads\/2014\/06\/skmc-logotyp.jpg\" \/>\n\t<meta property=\"og:image:width\" content=\"320\" \/>\n\t<meta property=\"og:image:height\" content=\"255\" \/>\n\t<meta property=\"og:image:type\" content=\"image\/jpeg\" \/>\n<meta name=\"twitter:card\" content=\"summary_large_image\" \/>\n<meta name=\"twitter:site\" content=\"@KravMagaSthlm\" \/>\n<meta name=\"twitter:label1\" content=\"Est. reading time\" \/>\n\t<meta name=\"twitter:data1\" content=\"1 minute\" \/>\n<script type=\"application\/ld+json\" class=\"yoast-schema-graph\">{\"@context\":\"https:\\\/\\\/schema.org\",\"@graph\":[{\"@type\":\"WebPage\",\"@id\":\"https:\\\/\\\/www.krav-maga.nu\\\/en\\\/start-training\\\/instructors\\\/\",\"url\":\"https:\\\/\\\/www.krav-maga.nu\\\/en\\\/start-training\\\/instructors\\\/\",\"name\":\"Instructors - Stockholm Krav Maga Center\",\"isPartOf\":{\"@id\":\"https:\\\/\\\/www.krav-maga.nu\\\/#website\"},\"datePublished\":\"2014-05-14T21:41:44+00:00\",\"dateModified\":\"2024-11-14T14:46:32+00:00\",\"breadcrumb\":{\"@id\":\"https:\\\/\\\/www.krav-maga.nu\\\/en\\\/start-training\\\/instructors\\\/#breadcrumb\"},\"inLanguage\":\"en-US\",\"potentialAction\":[{\"@type\":\"ReadAction\",\"target\":[\"https:\\\/\\\/www.krav-maga.nu\\\/en\\\/start-training\\\/instructors\\\/\"]}]},{\"@type\":\"BreadcrumbList\",\"@id\":\"https:\\\/\\\/www.krav-maga.nu\\\/en\\\/start-training\\\/instructors\\\/#breadcrumb\",\"itemListElement\":[{\"@type\":\"ListItem\",\"position\":1,\"name\":\"Home\",\"item\":\"https:\\\/\\\/www.krav-maga.nu\\\/en\\\/home\\\/\"},{\"@type\":\"ListItem\",\"position\":2,\"name\":\"Start training\",\"item\":\"https:\\\/\\\/www.krav-maga.nu\\\/en\\\/start-training\\\/\"},{\"@type\":\"ListItem\",\"position\":3,\"name\":\"Instructors\"}]},{\"@type\":\"WebSite\",\"@id\":\"https:\\\/\\\/www.krav-maga.nu\\\/#website\",\"url\":\"https:\\\/\\\/www.krav-maga.nu\\\/\",\"name\":\"Stockholm Krav Maga Center - L\u00e4r ut realistiskt sj\u00e4lvf\u00f6rsvar, n\u00e4rkamp och laga befogenhetsv\u00e5ld baserat p\u00e5 Krav Maga Sverige (KMS) kravmaga\",\"description\":\"Sj\u00e4lvf\u00f6rsvar som det ska vara - Realistiskt - L\u00e4ttl\u00e4rt - Effektivt\",\"publisher\":{\"@id\":\"https:\\\/\\\/www.krav-maga.nu\\\/#organization\"},\"potentialAction\":[{\"@type\":\"SearchAction\",\"target\":{\"@type\":\"EntryPoint\",\"urlTemplate\":\"https:\\\/\\\/www.krav-maga.nu\\\/?s={search_term_string}\"},\"query-input\":{\"@type\":\"PropertyValueSpecification\",\"valueRequired\":true,\"valueName\":\"search_term_string\"}}],\"inLanguage\":\"en-US\"},{\"@type\":\"Organization\",\"@id\":\"https:\\\/\\\/www.krav-maga.nu\\\/#organization\",\"name\":\"Stockholm Krav Maga Center\",\"url\":\"https:\\\/\\\/www.krav-maga.nu\\\/\",\"logo\":{\"@type\":\"ImageObject\",\"inLanguage\":\"en-US\",\"@id\":\"https:\\\/\\\/www.krav-maga.nu\\\/#\\\/schema\\\/logo\\\/image\\\/\",\"url\":\"https:\\\/\\\/www.krav-maga.nu\\\/wp-content\\\/uploads\\\/2014\\\/05\\\/skmc-logo-svart.png\",\"contentUrl\":\"https:\\\/\\\/www.krav-maga.nu\\\/wp-content\\\/uploads\\\/2014\\\/05\\\/skmc-logo-svart.png\",\"width\":340,\"height\":156,\"caption\":\"Stockholm Krav Maga Center\"},\"image\":{\"@id\":\"https:\\\/\\\/www.krav-maga.nu\\\/#\\\/schema\\\/logo\\\/image\\\/\"},\"sameAs\":[\"https:\\\/\\\/www.facebook.com\\\/kravmagastockholm\",\"https:\\\/\\\/x.com\\\/KravMagaSthlm\",\"https:\\\/\\\/instagram.com\\\/KravMagaStockholm\",\"https:\\\/\\\/www.youtube.com\\\/StockholmKravMagaCenter\"]}]}<\/script>\n<!-- \/ Yoast SEO plugin. -->","yoast_head_json":{"title":"Instructors - Stockholm Krav Maga Center","robots":{"index":"index","follow":"follow","max-snippet":"max-snippet:-1","max-image-preview":"max-image-preview:large","max-video-preview":"max-video-preview:-1"},"canonical":"https:\/\/www.krav-maga.nu\/en\/start-training\/instructors\/","og_locale":"en_US","og_type":"article","og_title":"Instructors - Stockholm Krav Maga Center","og_url":"https:\/\/www.krav-maga.nu\/en\/start-training\/instructors\/","og_site_name":"Stockholm Krav Maga Center - L\u00e4r ut realistiskt sj\u00e4lvf\u00f6rsvar, n\u00e4rkamp och laga befogenhetsv\u00e5ld baserat p\u00e5 Krav Maga Sverige (KMS) kravmaga","article_publisher":"https:\/\/www.facebook.com\/kravmagastockholm","article_modified_time":"2024-11-14T14:46:32+00:00","og_image":[{"width":320,"height":255,"url":"https:\/\/www.krav-maga.nu\/wp-content\/uploads\/2014\/06\/skmc-logotyp.jpg","type":"image\/jpeg"}],"twitter_card":"summary_large_image","twitter_site":"@KravMagaSthlm","twitter_misc":{"Est. reading time":"1 minute"},"schema":{"@context":"https:\/\/schema.org","@graph":[{"@type":"WebPage","@id":"https:\/\/www.krav-maga.nu\/en\/start-training\/instructors\/","url":"https:\/\/www.krav-maga.nu\/en\/start-training\/instructors\/","name":"Instructors - Stockholm Krav Maga Center","isPartOf":{"@id":"https:\/\/www.krav-maga.nu\/#website"},"datePublished":"2014-05-14T21:41:44+00:00","dateModified":"2024-11-14T14:46:32+00:00","breadcrumb":{"@id":"https:\/\/www.krav-maga.nu\/en\/start-training\/instructors\/#breadcrumb"},"inLanguage":"en-US","potentialAction":[{"@type":"ReadAction","target":["https:\/\/www.krav-maga.nu\/en\/start-training\/instructors\/"]}]},{"@type":"BreadcrumbList","@id":"https:\/\/www.krav-maga.nu\/en\/start-training\/instructors\/#breadcrumb","itemListElement":[{"@type":"ListItem","position":1,"name":"Home","item":"https:\/\/www.krav-maga.nu\/en\/home\/"},{"@type":"ListItem","position":2,"name":"Start training","item":"https:\/\/www.krav-maga.nu\/en\/start-training\/"},{"@type":"ListItem","position":3,"name":"Instructors"}]},{"@type":"WebSite","@id":"https:\/\/www.krav-maga.nu\/#website","url":"https:\/\/www.krav-maga.nu\/","name":"Stockholm Krav Maga Center - L\u00e4r ut realistiskt sj\u00e4lvf\u00f6rsvar, n\u00e4rkamp och laga befogenhetsv\u00e5ld baserat p\u00e5 Krav Maga Sverige (KMS) kravmaga","description":"Sj\u00e4lvf\u00f6rsvar som det ska vara - Realistiskt - L\u00e4ttl\u00e4rt - Effektivt","publisher":{"@id":"https:\/\/www.krav-maga.nu\/#organization"},"potentialAction":[{"@type":"SearchAction","target":{"@type":"EntryPoint","urlTemplate":"https:\/\/www.krav-maga.nu\/?s={search_term_string}"},"query-input":{"@type":"PropertyValueSpecification","valueRequired":true,"valueName":"search_term_string"}}],"inLanguage":"en-US"},{"@type":"Organization","@id":"https:\/\/www.krav-maga.nu\/#organization","name":"Stockholm Krav Maga Center","url":"https:\/\/www.krav-maga.nu\/","logo":{"@type":"ImageObject","inLanguage":"en-US","@id":"https:\/\/www.krav-maga.nu\/#\/schema\/logo\/image\/","url":"https:\/\/www.krav-maga.nu\/wp-content\/uploads\/2014\/05\/skmc-logo-svart.png","contentUrl":"https:\/\/www.krav-maga.nu\/wp-content\/uploads\/2014\/05\/skmc-logo-svart.png","width":340,"height":156,"caption":"Stockholm Krav Maga Center"},"image":{"@id":"https:\/\/www.krav-maga.nu\/#\/schema\/logo\/image\/"},"sameAs":["https:\/\/www.facebook.com\/kravmagastockholm","https:\/\/x.com\/KravMagaSthlm","https:\/\/instagram.com\/KravMagaStockholm","https:\/\/www.youtube.com\/StockholmKravMagaCenter"]}]}},"_links":{"self":[{"href":"https:\/\/www.krav-maga.nu\/en\/wp-json\/wp\/v2\/pages\/5331","targetHints":{"allow":["GET"]}}],"collection":[{"href":"https:\/\/www.krav-maga.nu\/en\/wp-json\/wp\/v2\/pages"}],"about":[{"href":"https:\/\/www.krav-maga.nu\/en\/wp-json\/wp\/v2\/types\/page"}],"author":[{"embeddable":true,"href":"https:\/\/www.krav-maga.nu\/en\/wp-json\/wp\/v2\/users\/1"}],"replies":[{"embeddable":true,"href":"https:\/\/www.krav-maga.nu\/en\/wp-json\/wp\/v2\/comments?post=5331"}],"version-history":[{"count":0,"href":"https:\/\/www.krav-maga.nu\/en\/wp-json\/wp\/v2\/pages\/5331\/revisions"}],"up":[{"embeddable":true,"href":"https:\/\/www.krav-maga.nu\/en\/wp-json\/wp\/v2\/pages\/5311"}],"wp:attachment":[{"href":"https:\/\/www.krav-maga.nu\/en\/wp-json\/wp\/v2\/media?parent=5331"}],"curies":[{"name":"wp","href":"https:\/\/api.w.org\/{rel}","templated":true}]}}