{"id":7421,"date":"2016-09-07T09:46:16","date_gmt":"2016-09-07T07:46:16","guid":{"rendered":"http:\/\/www.krav-maga.nu\/en\/?page_id=7421"},"modified":"2022-06-11T08:57:25","modified_gmt":"2022-06-11T06:57:25","slug":"gallery-instagram","status":"publish","type":"page","link":"https:\/\/www.krav-maga.nu\/en\/gallery\/gallery-instagram\/","title":{"rendered":"Gallery Instagram"},"content":{"rendered":"\n<style type=\"text\/css\" data-created_by=\"avia_inline_auto\" id=\"style-css-av-3h6jnx-e18e63a8c6000d10a83aceba0d4251af\">\n.flex_column.av-3h6jnx-e18e63a8c6000d10a83aceba0d4251af{\nborder-radius:0px 0px 0px 0px;\npadding:0px 0px 0px 0px;\n}\n<\/style>\n<div  class='flex_column av-3h6jnx-e18e63a8c6000d10a83aceba0d4251af av_one_full  avia-builder-el-0  avia-builder-el-no-sibling  first flex_column_div av-zero-column-padding  '     ><\/div>\n","protected":false},"excerpt":{"rendered":"","protected":false},"author":1,"featured_media":0,"parent":5323,"menu_order":0,"comment_status":"open","ping_status":"open","template":"","meta":{"footnotes":""},"class_list":["post-7421","page","type-page","status-publish","hentry"],"yoast_head":"<!-- This site is optimized with the Yoast SEO plugin v27.4 - https:\/\/yoast.com\/product\/yoast-seo-wordpress\/ -->\n<title>Gallery Instagram - Stockholm Krav Maga Center - L\u00e4r ut realistiskt sj\u00e4lvf\u00f6rsvar, n\u00e4rkamp och laga befogenhetsv\u00e5ld baserat p\u00e5 Krav Maga Sverige (KMS) kravmaga<\/title>\n<meta name=\"robots\" content=\"index, follow, max-snippet:-1, max-image-preview:large, max-video-preview:-1\" \/>\n<link rel=\"canonical\" href=\"https:\/\/www.krav-maga.nu\/en\/gallery\/gallery-instagram\/\" \/>\n<meta property=\"og:locale\" content=\"en_US\" \/>\n<meta property=\"og:type\" content=\"article\" \/>\n<meta property=\"og:title\" content=\"Gallery Instagram - Stockholm Krav Maga Center - L\u00e4r ut realistiskt sj\u00e4lvf\u00f6rsvar, n\u00e4rkamp och laga befogenhetsv\u00e5ld baserat p\u00e5 Krav Maga Sverige (KMS) kravmaga\" \/>\n<meta property=\"og:url\" content=\"https:\/\/www.krav-maga.nu\/en\/gallery\/gallery-instagram\/\" \/>\n<meta property=\"og:site_name\" content=\"Stockholm Krav Maga Center - L\u00e4r ut realistiskt sj\u00e4lvf\u00f6rsvar, n\u00e4rkamp och laga befogenhetsv\u00e5ld baserat p\u00e5 Krav Maga Sverige (KMS) kravmaga\" \/>\n<meta property=\"article:publisher\" content=\"https:\/\/www.facebook.com\/kravmagastockholm\" \/>\n<meta property=\"article:modified_time\" content=\"2022-06-11T06:57:25+00:00\" \/>\n<meta property=\"og:image\" content=\"https:\/\/www.krav-maga.nu\/wp-content\/uploads\/2014\/06\/skmc-logotyp.jpg\" \/>\n\t<meta property=\"og:image:width\" content=\"320\" \/>\n\t<meta property=\"og:image:height\" content=\"255\" \/>\n\t<meta property=\"og:image:type\" content=\"image\/jpeg\" \/>\n<meta name=\"twitter:card\" content=\"summary_large_image\" \/>\n<meta name=\"twitter:site\" content=\"@KravMagaSthlm\" \/>\n<script type=\"application\/ld+json\" class=\"yoast-schema-graph\">{\"@context\":\"https:\\\/\\\/schema.org\",\"@graph\":[{\"@type\":\"WebPage\",\"@id\":\"https:\\\/\\\/www.krav-maga.nu\\\/en\\\/gallery\\\/gallery-instagram\\\/\",\"url\":\"https:\\\/\\\/www.krav-maga.nu\\\/en\\\/gallery\\\/gallery-instagram\\\/\",\"name\":\"Gallery Instagram - Stockholm Krav Maga Center - L\u00e4r ut realistiskt sj\u00e4lvf\u00f6rsvar, n\u00e4rkamp och laga befogenhetsv\u00e5ld baserat p\u00e5 Krav Maga Sverige (KMS) kravmaga\",\"isPartOf\":{\"@id\":\"https:\\\/\\\/www.krav-maga.nu\\\/#website\"},\"datePublished\":\"2016-09-07T07:46:16+00:00\",\"dateModified\":\"2022-06-11T06:57:25+00:00\",\"breadcrumb\":{\"@id\":\"https:\\\/\\\/www.krav-maga.nu\\\/en\\\/gallery\\\/gallery-instagram\\\/#breadcrumb\"},\"inLanguage\":\"en-US\",\"potentialAction\":[{\"@type\":\"ReadAction\",\"target\":[\"https:\\\/\\\/www.krav-maga.nu\\\/en\\\/gallery\\\/gallery-instagram\\\/\"]}]},{\"@type\":\"BreadcrumbList\",\"@id\":\"https:\\\/\\\/www.krav-maga.nu\\\/en\\\/gallery\\\/gallery-instagram\\\/#breadcrumb\",\"itemListElement\":[{\"@type\":\"ListItem\",\"position\":1,\"name\":\"Home\",\"item\":\"https:\\\/\\\/www.krav-maga.nu\\\/en\\\/home\\\/\"},{\"@type\":\"ListItem\",\"position\":2,\"name\":\"Gallery\",\"item\":\"https:\\\/\\\/www.krav-maga.nu\\\/en\\\/gallery\\\/\"},{\"@type\":\"ListItem\",\"position\":3,\"name\":\"Gallery Instagram\"}]},{\"@type\":\"WebSite\",\"@id\":\"https:\\\/\\\/www.krav-maga.nu\\\/#website\",\"url\":\"https:\\\/\\\/www.krav-maga.nu\\\/\",\"name\":\"Stockholm Krav Maga Center - L\u00e4r ut realistiskt sj\u00e4lvf\u00f6rsvar, n\u00e4rkamp och laga befogenhetsv\u00e5ld baserat p\u00e5 Krav Maga Sverige (KMS) kravmaga\",\"description\":\"Sj\u00e4lvf\u00f6rsvar som det ska vara - Realistiskt - L\u00e4ttl\u00e4rt - Effektivt\",\"publisher\":{\"@id\":\"https:\\\/\\\/www.krav-maga.nu\\\/#organization\"},\"potentialAction\":[{\"@type\":\"SearchAction\",\"target\":{\"@type\":\"EntryPoint\",\"urlTemplate\":\"https:\\\/\\\/www.krav-maga.nu\\\/?s={search_term_string}\"},\"query-input\":{\"@type\":\"PropertyValueSpecification\",\"valueRequired\":true,\"valueName\":\"search_term_string\"}}],\"inLanguage\":\"en-US\"},{\"@type\":\"Organization\",\"@id\":\"https:\\\/\\\/www.krav-maga.nu\\\/#organization\",\"name\":\"Stockholm Krav Maga Center\",\"url\":\"https:\\\/\\\/www.krav-maga.nu\\\/\",\"logo\":{\"@type\":\"ImageObject\",\"inLanguage\":\"en-US\",\"@id\":\"https:\\\/\\\/www.krav-maga.nu\\\/#\\\/schema\\\/logo\\\/image\\\/\",\"url\":\"https:\\\/\\\/www.krav-maga.nu\\\/wp-content\\\/uploads\\\/2014\\\/05\\\/skmc-logo-svart.png\",\"contentUrl\":\"https:\\\/\\\/www.krav-maga.nu\\\/wp-content\\\/uploads\\\/2014\\\/05\\\/skmc-logo-svart.png\",\"width\":340,\"height\":156,\"caption\":\"Stockholm Krav Maga Center\"},\"image\":{\"@id\":\"https:\\\/\\\/www.krav-maga.nu\\\/#\\\/schema\\\/logo\\\/image\\\/\"},\"sameAs\":[\"https:\\\/\\\/www.facebook.com\\\/kravmagastockholm\",\"https:\\\/\\\/x.com\\\/KravMagaSthlm\",\"https:\\\/\\\/instagram.com\\\/KravMagaStockholm\",\"https:\\\/\\\/www.youtube.com\\\/StockholmKravMagaCenter\"]}]}<\/script>\n<!-- \/ Yoast SEO plugin. -->","yoast_head_json":{"title":"Gallery Instagram - Stockholm Krav Maga Center - L\u00e4r ut realistiskt sj\u00e4lvf\u00f6rsvar, n\u00e4rkamp och laga befogenhetsv\u00e5ld baserat p\u00e5 Krav Maga Sverige (KMS) kravmaga","robots":{"index":"index","follow":"follow","max-snippet":"max-snippet:-1","max-image-preview":"max-image-preview:large","max-video-preview":"max-video-preview:-1"},"canonical":"https:\/\/www.krav-maga.nu\/en\/gallery\/gallery-instagram\/","og_locale":"en_US","og_type":"article","og_title":"Gallery Instagram - Stockholm Krav Maga Center - L\u00e4r ut realistiskt sj\u00e4lvf\u00f6rsvar, n\u00e4rkamp och laga befogenhetsv\u00e5ld baserat p\u00e5 Krav Maga Sverige (KMS) kravmaga","og_url":"https:\/\/www.krav-maga.nu\/en\/gallery\/gallery-instagram\/","og_site_name":"Stockholm Krav Maga Center - L\u00e4r ut realistiskt sj\u00e4lvf\u00f6rsvar, n\u00e4rkamp och laga befogenhetsv\u00e5ld baserat p\u00e5 Krav Maga Sverige (KMS) kravmaga","article_publisher":"https:\/\/www.facebook.com\/kravmagastockholm","article_modified_time":"2022-06-11T06:57:25+00:00","og_image":[{"width":320,"height":255,"url":"https:\/\/www.krav-maga.nu\/wp-content\/uploads\/2014\/06\/skmc-logotyp.jpg","type":"image\/jpeg"}],"twitter_card":"summary_large_image","twitter_site":"@KravMagaSthlm","schema":{"@context":"https:\/\/schema.org","@graph":[{"@type":"WebPage","@id":"https:\/\/www.krav-maga.nu\/en\/gallery\/gallery-instagram\/","url":"https:\/\/www.krav-maga.nu\/en\/gallery\/gallery-instagram\/","name":"Gallery Instagram - Stockholm Krav Maga Center - L\u00e4r ut realistiskt sj\u00e4lvf\u00f6rsvar, n\u00e4rkamp och laga befogenhetsv\u00e5ld baserat p\u00e5 Krav Maga Sverige (KMS) kravmaga","isPartOf":{"@id":"https:\/\/www.krav-maga.nu\/#website"},"datePublished":"2016-09-07T07:46:16+00:00","dateModified":"2022-06-11T06:57:25+00:00","breadcrumb":{"@id":"https:\/\/www.krav-maga.nu\/en\/gallery\/gallery-instagram\/#breadcrumb"},"inLanguage":"en-US","potentialAction":[{"@type":"ReadAction","target":["https:\/\/www.krav-maga.nu\/en\/gallery\/gallery-instagram\/"]}]},{"@type":"BreadcrumbList","@id":"https:\/\/www.krav-maga.nu\/en\/gallery\/gallery-instagram\/#breadcrumb","itemListElement":[{"@type":"ListItem","position":1,"name":"Home","item":"https:\/\/www.krav-maga.nu\/en\/home\/"},{"@type":"ListItem","position":2,"name":"Gallery","item":"https:\/\/www.krav-maga.nu\/en\/gallery\/"},{"@type":"ListItem","position":3,"name":"Gallery Instagram"}]},{"@type":"WebSite","@id":"https:\/\/www.krav-maga.nu\/#website","url":"https:\/\/www.krav-maga.nu\/","name":"Stockholm Krav Maga Center - L\u00e4r ut realistiskt sj\u00e4lvf\u00f6rsvar, n\u00e4rkamp och laga befogenhetsv\u00e5ld baserat p\u00e5 Krav Maga Sverige (KMS) kravmaga","description":"Sj\u00e4lvf\u00f6rsvar som det ska vara - Realistiskt - L\u00e4ttl\u00e4rt - Effektivt","publisher":{"@id":"https:\/\/www.krav-maga.nu\/#organization"},"potentialAction":[{"@type":"SearchAction","target":{"@type":"EntryPoint","urlTemplate":"https:\/\/www.krav-maga.nu\/?s={search_term_string}"},"query-input":{"@type":"PropertyValueSpecification","valueRequired":true,"valueName":"search_term_string"}}],"inLanguage":"en-US"},{"@type":"Organization","@id":"https:\/\/www.krav-maga.nu\/#organization","name":"Stockholm Krav Maga Center","url":"https:\/\/www.krav-maga.nu\/","logo":{"@type":"ImageObject","inLanguage":"en-US","@id":"https:\/\/www.krav-maga.nu\/#\/schema\/logo\/image\/","url":"https:\/\/www.krav-maga.nu\/wp-content\/uploads\/2014\/05\/skmc-logo-svart.png","contentUrl":"https:\/\/www.krav-maga.nu\/wp-content\/uploads\/2014\/05\/skmc-logo-svart.png","width":340,"height":156,"caption":"Stockholm Krav Maga Center"},"image":{"@id":"https:\/\/www.krav-maga.nu\/#\/schema\/logo\/image\/"},"sameAs":["https:\/\/www.facebook.com\/kravmagastockholm","https:\/\/x.com\/KravMagaSthlm","https:\/\/instagram.com\/KravMagaStockholm","https:\/\/www.youtube.com\/StockholmKravMagaCenter"]}]}},"_links":{"self":[{"href":"https:\/\/www.krav-maga.nu\/en\/wp-json\/wp\/v2\/pages\/7421","targetHints":{"allow":["GET"]}}],"collection":[{"href":"https:\/\/www.krav-maga.nu\/en\/wp-json\/wp\/v2\/pages"}],"about":[{"href":"https:\/\/www.krav-maga.nu\/en\/wp-json\/wp\/v2\/types\/page"}],"author":[{"embeddable":true,"href":"https:\/\/www.krav-maga.nu\/en\/wp-json\/wp\/v2\/users\/1"}],"replies":[{"embeddable":true,"href":"https:\/\/www.krav-maga.nu\/en\/wp-json\/wp\/v2\/comments?post=7421"}],"version-history":[{"count":0,"href":"https:\/\/www.krav-maga.nu\/en\/wp-json\/wp\/v2\/pages\/7421\/revisions"}],"up":[{"embeddable":true,"href":"https:\/\/www.krav-maga.nu\/en\/wp-json\/wp\/v2\/pages\/5323"}],"wp:attachment":[{"href":"https:\/\/www.krav-maga.nu\/en\/wp-json\/wp\/v2\/media?parent=7421"}],"curies":[{"name":"wp","href":"https:\/\/api.w.org\/{rel}","templated":true}]}}